{"id":102,"date":"2019-02-10T21:36:40","date_gmt":"2019-02-10T21:36:40","guid":{"rendered":"http:\/\/127.0.0.1:10080\/wordpress\/?page_id=102"},"modified":"2026-01-08T19:05:30","modified_gmt":"2026-01-08T18:05:30","slug":"agenda","status":"publish","type":"page","link":"https:\/\/eglise-visitation-dijon.net\/w3\/agenda\/","title":{"rendered":"Agenda paroissial"},"content":{"rendered":"\n<p data-wp-context---core-fit-text=\"core\/fit-text::{&quot;fontSize&quot;:&quot;&quot;}\" data-wp-init---core-fit-text=\"core\/fit-text::callbacks.init\" data-wp-interactive data-wp-style--font-size=\"core\/fit-text::context.fontSize\" class=\"has-fit-text\"><strong>Mardi 6 janvier :<\/strong> 19-22h, rencontre des animateurs ACE salle Cana et St Maurice<br><strong>Mercredi 7 janvier :<\/strong> 18h30, bureau Foi et Lumi\u00e8re<br><strong>Jeudi 8 janvier :<\/strong> 14h30 , R\u00e9union \u00e9quipe ACO<br>18h, r\u00e9union \u00e9quipe Communication<br>2Oh , Adoration de St Sacrement \u00e0 l\u2019Oratoire<br><strong>Vendredi 9 janvier :<\/strong> 10h, r\u00e9union \u00e9quipe Accueil<br><strong>Samedi 10 janvier :<\/strong> 12h-19h, Rencontre Foi et Lumi\u00e8re<br><strong>Dimanche 11 janvier : <\/strong>10h 30 Messe des familles<br>10h30-15h , Rencontre des cat\u00e9chum\u00e8nes et des accompagnateurs<br>15h, Temps fort \u00c9piphanie- partage de la galette des Rois, pour<br>tous les groupes enfants et jeunes et leurs familles \u00c9veil \u00e0 la foi, cat\u00e9 et aum\u00f4nerie<br><strong>Mercredi 14 janvier :<\/strong> 20h30, Conseil \u00e9conomique<br><strong>Jeudi 15 janvier : <\/strong>20h, r\u00e9union \u00e9quipe de visite aux malades<br><strong>Vendredi 16 janvier :<\/strong> 20h, r\u00e9union des sacristains<br><strong>Samedi 17 janvier :<\/strong> journ\u00e9e au Carmel de Flavignerot pour les 4\u00e8mes et 3\u00e8mes<br><strong>Dimanche 18 janvier :<\/strong> 17h concert chorale \u00ab Ici et ailleurs \u00bb \u00e9glise de La Visitation<br><strong>Mardi 20 janvier :<\/strong> 14h30, r\u00e9union \u00e9quipe obs\u00e8ques<br><strong>Jeudi 22 janvier :<\/strong> 15h, r\u00e9union \u00e9quipe MCR<br>19h, Clos St Fran\u00e7ois (St Apollinaire) repas de l\u2019\u00e9quipe de doyenn\u00e9<br><strong>Vendredi 23 janvier : <\/strong>20h, rencontre du groupe chr\u00e9tiens c\u00e9libataires<br><strong>Samedi 24 janvier : <\/strong>14-16h, Maison dioc\u00e9saine, r\u00e9union de l\u2019\u00e9quipe dioc\u00e9saine de la<br>pastorale des migrants<br><strong>Mardi 27 janvier :<\/strong> 18-20h, Maison dioc\u00e9saine, r\u00e9union dioc\u00e9saine des \u00e9quipes<br>paroissiales des repas solidaires<br><strong>Vendredi 30 janvier : <\/strong>20h, Veill\u00e9e de louange, <strong>Ain\u00e9o<\/strong><br><strong>Samedi 31 janvier : <\/strong>14-17h, conseil pastoral de la paroisse<br>14-17h, r\u00e9union de pr\u00e9paration au bapt\u00eame<br><strong>Dimanche 1er f\u00e9vrier :<\/strong> 10h30, messe des familles<br>Journ\u00e9e \u00e0 Beaune des Communaut\u00e9s Foi et Lumi\u00e8re du dioc\u00e8se<\/p>\n\n\n\n<p class=\"has-text-align-center\"><strong>Tous les horaires des messes sont consultables<\/strong>&nbsp; <a href=\"https:\/\/messes.info\/communaute\/dj\/21\/la-visitation\" target=\"blank\" rel=\"noopener noreferrer\"><strong>sur la plateforme nationale<\/strong><\/a><br><strong>(<em>Dimanches et f\u00eates \u2013 Messes dominicales \u2013 Messes de semaine \u2013 Autres c\u00e9l\u00e9brations<\/em>\u2026)<\/strong><\/p>\n","protected":false},"excerpt":{"rendered":"<p>Agenda des services, groupes et mouvements<\/p>\n","protected":false},"author":1,"featured_media":0,"parent":0,"menu_order":0,"comment_status":"closed","ping_status":"closed","template":"","meta":{"footnotes":""},"class_list":["post-102","page","type-page","status-publish","hentry"],"_links":{"self":[{"href":"https:\/\/eglise-visitation-dijon.net\/w3\/wp-json\/wp\/v2\/pages\/102","targetHints":{"allow":["GET"]}}],"collection":[{"href":"https:\/\/eglise-visitation-dijon.net\/w3\/wp-json\/wp\/v2\/pages"}],"about":[{"href":"https:\/\/eglise-visitation-dijon.net\/w3\/wp-json\/wp\/v2\/types\/page"}],"author":[{"embeddable":true,"href":"https:\/\/eglise-visitation-dijon.net\/w3\/wp-json\/wp\/v2\/users\/1"}],"replies":[{"embeddable":true,"href":"https:\/\/eglise-visitation-dijon.net\/w3\/wp-json\/wp\/v2\/comments?post=102"}],"version-history":[{"count":27,"href":"https:\/\/eglise-visitation-dijon.net\/w3\/wp-json\/wp\/v2\/pages\/102\/revisions"}],"predecessor-version":[{"id":14493,"href":"https:\/\/eglise-visitation-dijon.net\/w3\/wp-json\/wp\/v2\/pages\/102\/revisions\/14493"}],"wp:attachment":[{"href":"https:\/\/eglise-visitation-dijon.net\/w3\/wp-json\/wp\/v2\/media?parent=102"}],"curies":[{"name":"wp","href":"https:\/\/api.w.org\/{rel}","templated":true}]}}