{"id":11351,"date":"2023-05-03T09:47:53","date_gmt":"2023-05-03T07:47:53","guid":{"rendered":"http:\/\/eglise-visitation-dijon.net\/w3\/?page_id=11351"},"modified":"2023-05-03T10:13:26","modified_gmt":"2023-05-03T08:13:26","slug":"textes-bibliques-pour-bapteme","status":"publish","type":"page","link":"https:\/\/eglise-visitation-dijon.net\/w3\/textes-bibliques-pour-bapteme\/","title":{"rendered":"Textes Bibliques pour bapt\u00eame"},"content":{"rendered":"\n<p><\/p>\n\n\n\n<p><\/p>\n\n\n\n<p class=\"has-cyan-bluish-gray-color has-text-color\"><em>\u00c9vangile de J\u00e9sus Christ selon St Marc 10&nbsp;: 46-52<\/em><\/p>\n\n\n\n<p class=\"has-vivid-red-color has-text-color\"><strong>L\u2019aveugle Bartim\u00e9e<\/strong><\/p>\n\n\n\n<p class=\"has-black-color has-text-color\">Ils arriv\u00e8rent \u00e0 J\u00e9richo. Et, lorsque J\u00e9sus en sortit, avec ses disciples et une assez grande foule, le fils de Tim\u00e9e, Bartim\u00e9e, mendiant aveugle, \u00e9tait assis au bord du chemin.<br>Il entendit que c&rsquo;\u00e9tait J\u00e9sus de Nazareth, et il se mit \u00e0 crier; Fils de David, J\u00e9sus aie piti\u00e9 de moi!<br>Plusieurs le reprenaient, pour le faire taire; mais il criait beaucoup plus fort; Fils de David, aie piti\u00e9 de moi!<br>J\u00e9sus s&rsquo;arr\u00eata, et dit: Appelez-le. Ils appel\u00e8rent l&rsquo;aveugle, en lui disant: Prends courage, l\u00e8ve-toi, il t&rsquo;appelle.<br>L&rsquo;aveugle jeta son manteau, et, se levant d&rsquo;un bond, vint vers J\u00e9sus.<br>J\u00e9sus, prenant la parole, lui dit: Que veux-tu que je te fasse? Rabbouni, lui r\u00e9pondit l&rsquo;aveugle, que je recouvre la vue.<br>&nbsp;Et J\u00e9sus lui dit: Va, ta foi t&rsquo;a sauv\u00e9. (10:53) Aussit\u00f4t il recouvra la vue, et suivit J\u00e9sus dans le chemin.<\/p>\n\n\n\n<hr class=\"wp-block-separator has-alpha-channel-opacity is-style-wide\"\/>\n\n\n\n<p class=\"has-cyan-bluish-gray-color has-text-color\"><em>Livre d\u2019Isa\u00efe 49, 13-16<\/em><\/p>\n\n\n\n<p class=\"has-vivid-red-color has-text-color\"><strong>je t\u2019ai grav\u00e9e sur les paumes de mes mains<\/strong><\/p>\n\n\n\n<p class=\"has-black-color has-text-color\">Cieux, criez de joie ! Terre, exulte ! Montagnes, \u00e9clatez en cris de<br>joie ! Car le Seigneur console son peuple ; de ses pauvres, il a<br>compassion.<br>J\u00e9rusalem disait : \u00ab Le Seigneur m\u2019a abandonn\u00e9e, mon Seigneur<br>m\u2019a oubli\u00e9e. \u00bb<br>Une femme peut-elle oublier son nourrisson, ne plus avoir de<br>tendresse pour le fils de ses entrailles ? M\u00eame si elle l\u2019oubliait, moi,<br>je ne t\u2019oublierai pas.<br>Car je t\u2019ai grav\u00e9e sur les paumes de mes mains, j\u2019ai toujours tes<br>remparts devant les yeux.<\/p>\n\n\n\n<hr class=\"wp-block-separator has-alpha-channel-opacity is-style-wide\"\/>\n\n\n\n<p class=\"has-cyan-bluish-gray-color has-text-color\"><em>\u00c9vangile de J\u00e9sus Christ selon St Marc 2:1-12<\/em><\/p>\n\n\n\n<p class=\"has-vivid-red-color has-text-color\"><strong>La Parole de Dieu<\/strong><\/p>\n\n\n\n<p class=\"has-black-color has-text-color\">J\u00e9sus \u00e9tait de retour \u00e0 Capharna\u00fcm et la nouvelle se r\u00e9pandit qu&rsquo;il \u00e9tait \u00e0 la maison. Tant de monde s&rsquo;y rassembla qu&rsquo;il n&rsquo;y avait plus de place, m\u00eame devant la porte. Il leur annon\u00e7ait la Parole. Arrivent des gens qui lui am\u00e8nent un paralys\u00e9, port\u00e9 par quatre hommes. Comme ils ne peuvent l&rsquo;approcher \u00e0 cause de la foule, ils d\u00e9couvrent le toit au-dessus de lui, font une ouverture, et descendent le brancard sur lequel \u00e9tait couch\u00e9 le paralys\u00e9. Voyant leur foi, J\u00e9sus dit au paralys\u00e9 : Mon fils, tes p\u00e9ch\u00e9s sont pardonn\u00e9s. Or, il y avait dans l&rsquo;assistance quelques scribes qui raisonnaient en eux-m\u00eames : Pourquoi cet homme parle-t-il ainsi ? Il blasph\u00e8me. Qui donc peut pardonner les p\u00e9ch\u00e9s, sinon Dieu seul ? Saisissant aussit\u00f4t dans son esprit les raisonnements qu&rsquo;ils faisaient, J\u00e9sus leur dit : Pourquoi tenir de tels raisonnements ? Qu&rsquo;est-ce qui est le plus facile ?, de dire au paralys\u00e9 : &lsquo;Tes p\u00e9ch\u00e9s sont pardonn\u00e9s&rsquo;, ou bien de dire : &lsquo;L\u00e8ve-toi, prends ton brancard et marche&rsquo; ? Eh bien ! Pour que vous sachiez que le Fils de l&rsquo;homme a le pouvoir de pardonner les p\u00e9ch\u00e9s sur la terre, je te l&rsquo;ordonne, dit-il au paralys\u00e9 : L\u00e8ve-toi, prends ton brancard et rentre chez toi. L&rsquo;homme se leva, prit aussit\u00f4t son brancard, et sortit devant tout le monde. Tous \u00e9taient stup\u00e9faits et rendaient gloire \u00e0 Dieu, en disant : Nous n&rsquo;avons jamais rien vu de pareil.<\/p>\n\n\n\n<hr class=\"wp-block-separator has-alpha-channel-opacity is-style-wide\"\/>\n\n\n\n<p class=\"has-cyan-bluish-gray-color has-text-color\"><em>\u00c9vangile de J\u00e9sus Christ selon St Luc 1, 46-56<\/em><\/p>\n\n\n\n<p class=\"has-vivid-red-color has-text-color\"><strong>\u00ab Le Puissant fit pour moi des merveilles \u00bb<\/strong><\/p>\n\n\n\n<p class=\"has-black-color has-text-color\">En ce temps-l\u00e0, Marie rendit gr\u00e2ce au Seigneur en disant : \u00ab Mon \u00e2me exalte le Seigneur, exulte mon esprit en Dieu, mon Sauveur ! Il s\u2019est pench\u00e9 sur son humble servante ; d\u00e9sormais tous les \u00e2ges me diront bienheureuse. Le Puissant fit pour moi des merveilles ; Saint est son nom ! Sa mis\u00e9ricorde s\u2019\u00e9tend d\u2019\u00e2ge en \u00e2ge sur ceux qui le craignent. D\u00e9ployant la force de son bras, il disperse les superbes. Il renverse les puissants de leurs tr\u00f4nes, il \u00e9l\u00e8ve les humbles. Il comble de biens les affam\u00e9s, renvoie les riches les mains vides. Il rel\u00e8ve Isra\u00ebl son serviteur, il se souvient de son amour de la promesse faite \u00e0 nos p\u00e8res, en faveur d\u2019Abraham et sa descendance \u00e0 jamais. \u00bb<br>Marie resta avec \u00c9lisabeth environ trois mois, puis elle s\u2019en retourna chez elle.<\/p>\n\n\n\n<hr class=\"wp-block-separator has-alpha-channel-opacity is-style-wide\"\/>\n\n\n\n<p class=\"has-cyan-bluish-gray-color has-text-color\"><em>\u00c9vangile de J\u00e9sus Christ selon St Luc 7,1-10<\/em><\/p>\n\n\n\n<p class=\"has-vivid-red-color has-text-color\"><strong>Le centurion de Capharna\u00fcm<\/strong><\/p>\n\n\n\n<p class=\"has-black-color has-text-color\">Lorsque J\u00e9sus eut achev\u00e9 de faire entendre au peuple toutes ses paroles, il entra dans Capharna\u00fcm. Il y avait un centurion dont un esclave \u00e9tait malade et sur le point de mourir ; or le centurion tenait beaucoup \u00e0 lui. Ayant entendu parler de J\u00e9sus, il lui envoya des notables juifs pour lui demander de venir sauver son esclave. Arriv\u00e9s pr\u00e8s de J\u00e9sus, ceux-ci le suppliaient instamment : \u00ab Il m\u00e9rite que tu lui accordes cela. Il aime notre nation : c\u2019est lui qui nous a construit la synagogue. \u00bb<\/p>\n\n\n\n<hr class=\"wp-block-separator has-alpha-channel-opacity is-style-wide\"\/>\n\n\n\n<p class=\"has-cyan-bluish-gray-color has-text-color\"><em>\u00c9vangile de J\u00e9sus Christ selon St Luc 10, 25-37<\/em><\/p>\n\n\n\n<p class=\"has-vivid-red-color has-text-color\"><strong>\u00ab Qui est mon prochain ? \u00bb<\/strong><\/p>\n\n\n\n<p class=\"has-black-color has-text-color\">En ce temps-l\u00e0, voici qu\u2019un docteur de la Loi se leva et mit J\u00e9sus \u00e0 l\u2019\u00e9preuve en disant : \u00ab Ma\u00eetre, que dois-je faire pour avoir en h\u00e9ritage la vie \u00e9ternelle ? \u00bb J\u00e9sus lui demanda : \u00ab Dans la Loi, qu\u2019y a-t-il d\u2019\u00e9crit ? Et comment lis-tu ? \u00bb L\u2019autre r\u00e9pondit : \u00ab Tu aimeras le Seigneur ton Dieu de tout ton c\u0153ur, de toute ton \u00e2me, de toute ta force et de toute ton intelligence, et ton prochain comme toi-m\u00eame. \u00bb J\u00e9sus lui dit : \u00ab Tu as r\u00e9pondu correctement. Fais ainsi et tu vivras. \u00bb<br>Mais lui, voulant se justifier, dit \u00e0 J\u00e9sus : \u00ab Et qui est mon prochain ? \u00bb J\u00e9sus reprit la parole : \u00ab Un homme descendait de J\u00e9rusalem \u00e0 J\u00e9richo, et il tomba sur des bandits ; ceux-ci, apr\u00e8s l\u2019avoir d\u00e9pouill\u00e9 et rou\u00e9 de coups, s\u2019en all\u00e8rent, le laissant \u00e0 moiti\u00e9 mort. Par hasard, un pr\u00eatre descendait par ce chemin ; il le vit et passa de l\u2019autre c\u00f4t\u00e9. De m\u00eame un l\u00e9vite arriva \u00e0 cet endroit ; il le vit et passa de l\u2019autre c\u00f4t\u00e9. Mais un Samaritain, qui \u00e9tait en route, arriva pr\u00e8s de lui ; il le vit et fut saisi de compassion. Il s\u2019approcha, et pansa ses blessures en y versant de l\u2019huile et du vin ; puis il le chargea sur sa propre monture, le conduisit dans une auberge et prit soin de lui. Le lendemain, il sortit deux pi\u00e8ces d\u2019argent, et les donna \u00e0 l\u2019aubergiste, en lui disant : \u201cPrends soin de lui ; tout ce que tu auras d\u00e9pens\u00e9 en plus, je te le rendrai quand je repasserai.\u201d Lequel des trois, \u00e0 ton avis, a \u00e9t\u00e9 le prochain de l\u2019homme tomb\u00e9 aux mains des bandits ? \u00bb Le docteur de la Loi r\u00e9pondit : \u00ab Celui qui a fait preuve de piti\u00e9 envers lui. \u00bb J\u00e9sus lui dit : \u00ab Va, et toi aussi, fais de m\u00eame. \u00bb<\/p>\n\n\n\n<hr class=\"wp-block-separator has-alpha-channel-opacity is-style-wide\"\/>\n\n\n\n<p class=\"has-cyan-bluish-gray-color has-text-color\"><em>\u00c9vangile de J\u00e9sus Christ selon St Luc 15:11-32<\/em><\/p>\n\n\n\n<p class=\"has-vivid-red-color has-text-color\"><strong>Le p\u00e8re et ses deux fils<\/strong><\/p>\n\n\n\n<p class=\"has-black-color has-text-color\">J\u00e9sus dit encore : \u00ab Un homme a deux fils. Le plus jeune dit \u00e0 son p\u00e8re : \u201cP\u00e8re, donne-moi ma part d\u2019h\u00e9ritage.\u201d Alors le p\u00e8re partage ses richesses entre ses deux fils. Quelques jours apr\u00e8s, le plus jeune fils vend tout ce qu\u2019il a re\u00e7u et il part avec l\u2019argent dans un pays \u00e9loign\u00e9. L\u00e0, il se conduit tr\u00e8s mal et il d\u00e9pense tout son argent. Quand il a tout d\u00e9pens\u00e9, une grande famine arrive dans le pays, et le fils commence \u00e0 manquer de tout. Il va travailler pour un habitant de ce pays. Cet homme l\u2019envoie dans les champs garder les cochons. Le fils a envie de manger la nourriture des cochons, mais personne ne lui en donne. Alors il se met \u00e0 r\u00e9fl\u00e9chir. Il se dit : \u201cChez mon p\u00e8re, tous les ouvriers ont assez \u00e0 manger, et m\u00eame ils en ont trop ! Et moi, ici, je meurs de faim ! Je vais partir pour retourner chez mon p\u00e8re et je vais lui dire : P\u00e8re, j\u2019ai p\u00e9ch\u00e9 contre Dieu et contre toi. Je ne m\u00e9rite plus d\u2019\u00eatre appel\u00e9 ton fils. Fais comme si j\u2019\u00e9tais l\u2019un de tes ouvriers.\u201d Il part pour retourner chez son p\u00e8re. \u00ab Le fils est encore loin. Mais son p\u00e8re le voit et il est plein de piti\u00e9 pour lui. Il court \u00e0 sa rencontre, il le serre contre lui et l\u2019embrasse. Alors le fils dit \u00e0 son p\u00e8re : \u201cP\u00e8re, j\u2019ai p\u00e9ch\u00e9 contre Dieu et contre toi, je ne m\u00e9rite plus d\u2019\u00eatre appel\u00e9 ton fils.\u201d Mais le p\u00e8re dit \u00e0 ses serviteurs : \u201cVite ! Apportez le plus beau v\u00eatement et habillez mon fils. Mettez-lui une bague au doigt et des sandales aux pieds. Amenez le veau qu\u2019on a fait grossir et tuez-le. Mangeons et faisons la f\u00eate. Oui, mon fils qui est l\u00e0 \u00e9tait mort et il est revenu \u00e0 la vie. Il \u00e9tait perdu et il est retrouv\u00e9 !\u201d Ils commencent \u00e0 faire la f\u00eate. \u00ab Pendant ce temps, le fils a\u00een\u00e9 travaillait dans les champs. Quand il revient et s\u2019approche de la maison, il entend de la musique et des danses. Il appelle un des serviteurs et il lui demande ce qui se passe. Le serviteur lui r\u00e9pond : \u201cC\u2019est ton fr\u00e8re qui est arriv\u00e9. Et ton p\u00e8re a fait tuer le gros veau, parce qu\u2019il a retrouv\u00e9 son fils en bonne sant\u00e9.\u201d Alors le fils a\u00een\u00e9 se met en col\u00e8re et il ne veut pas entrer dans la maison. Le p\u00e8re sort pour lui demander d\u2019entrer, mais le fils a\u00een\u00e9 r\u00e9pond \u00e0 son p\u00e8re : \u201c\u00c9coute ! Depuis de nombreuses ann\u00e9es, je travaille pour toi. Je n\u2019ai jamais refus\u00e9 d\u2019ob\u00e9ir \u00e0 tes ordres. Pourtant, tu ne m\u2019as jamais donn\u00e9 une petite ch\u00e8vre pour faire la f\u00eate avec mes amis. Ton fils qui est l\u00e0 a mang\u00e9 tout ton argent avec des filles, mais quand il arrive, tu fais tuer le gros veau pour lui !\u201d Le p\u00e8re lui r\u00e9pond : \u201cMon enfant, toi, tu es toujours avec moi, et tout ce qui est \u00e0 moi est \u00e0 toi. Mais il fallait faire la f\u00eate et nous r\u00e9jouir. En effet, ton fr\u00e8re qui est l\u00e0 \u00e9tait mort et il est revenu \u00e0 la vie. Il \u00e9tait perdu et il est retrouv\u00e9.\u201d \u00bb<\/p>\n\n\n\n<hr class=\"wp-block-separator has-alpha-channel-opacity is-style-wide\"\/>\n\n\n\n<p class=\"has-cyan-bluish-gray-color has-text-color\"><em>\u00c9vangile de J\u00e9sus Christ selon St Luc 19, 1-10<\/em><\/p>\n\n\n\n<p class=\"has-vivid-red-color has-text-color\"><strong>Zach\u00e9e<\/strong><\/p>\n\n\n\n<p class=\"has-black-color has-text-color\">En ce temps-l\u00e0, entr\u00e9 dans la ville de J\u00e9richo, J\u00e9sus la traversait. Or, il y avait un homme du nom de Zach\u00e9e&nbsp;; il \u00e9tait le chef des collecteurs d\u2019imp\u00f4ts, et c\u2019\u00e9tait quelqu\u2019un de riche. Il cherchait \u00e0 voir qui \u00e9tait J\u00e9sus, mais il ne le pouvait pas \u00e0 cause de la foule, car il \u00e9tait de petite taille. Il courut donc en avant et grimpa sur un sycomore pour voir J\u00e9sus qui allait passer par l\u00e0. Arriv\u00e9 \u00e0 cet endroit, J\u00e9sus leva les yeux et lui dit&nbsp;: \u00ab&nbsp;Zach\u00e9e, descends vite&nbsp;: aujourd\u2019hui il faut que j\u2019aille demeurer dans ta maison.&nbsp;\u00bb Vite, il descendit et re\u00e7ut J\u00e9sus avec joie. Voyant cela, tous r\u00e9criminaient&nbsp;: \u00ab&nbsp;Il est all\u00e9 loger chez un homme qui est un p\u00e9cheur.&nbsp;\u00bb Zach\u00e9e, debout, s\u2019adressa au Seigneur&nbsp;: \u00ab&nbsp;Voici, Seigneur&nbsp;: je fais don aux pauvres de la moiti\u00e9 de mes biens, et si j\u2019ai fait du tort \u00e0 quelqu\u2019un, je vais lui rendre quatre fois plus.&nbsp;\u00bb&nbsp; Alors J\u00e9sus dit \u00e0 son sujet&nbsp;: \u00ab&nbsp;Aujourd\u2019hui, le salut est arriv\u00e9 pour cette maison, car lui aussi est un fils d\u2019Abraham. En effet, le Fils de l\u2019homme est venu chercher et sauver ce qui \u00e9tait perdu.&nbsp;\u00bb<\/p>\n\n\n\n<hr class=\"wp-block-separator has-alpha-channel-opacity is-style-wide\"\/>\n","protected":false},"excerpt":{"rendered":"<p>\u00c9vangile de J\u00e9sus Christ selon St Marc 10&nbsp;: 46-52 L\u2019aveugle Bartim\u00e9e Ils arriv\u00e8rent \u00e0 J\u00e9richo. Et, lorsque J\u00e9sus en sortit, avec ses disciples et une assez grande foule, le fils&#8230;<\/p>\n","protected":false},"author":1,"featured_media":0,"parent":0,"menu_order":0,"comment_status":"closed","ping_status":"closed","template":"","meta":{"footnotes":""},"class_list":["post-11351","page","type-page","status-publish","hentry"],"_links":{"self":[{"href":"https:\/\/eglise-visitation-dijon.net\/w3\/wp-json\/wp\/v2\/pages\/11351","targetHints":{"allow":["GET"]}}],"collection":[{"href":"https:\/\/eglise-visitation-dijon.net\/w3\/wp-json\/wp\/v2\/pages"}],"about":[{"href":"https:\/\/eglise-visitation-dijon.net\/w3\/wp-json\/wp\/v2\/types\/page"}],"author":[{"embeddable":true,"href":"https:\/\/eglise-visitation-dijon.net\/w3\/wp-json\/wp\/v2\/users\/1"}],"replies":[{"embeddable":true,"href":"https:\/\/eglise-visitation-dijon.net\/w3\/wp-json\/wp\/v2\/comments?post=11351"}],"version-history":[{"count":8,"href":"https:\/\/eglise-visitation-dijon.net\/w3\/wp-json\/wp\/v2\/pages\/11351\/revisions"}],"predecessor-version":[{"id":11365,"href":"https:\/\/eglise-visitation-dijon.net\/w3\/wp-json\/wp\/v2\/pages\/11351\/revisions\/11365"}],"wp:attachment":[{"href":"https:\/\/eglise-visitation-dijon.net\/w3\/wp-json\/wp\/v2\/media?parent=11351"}],"curies":[{"name":"wp","href":"https:\/\/api.w.org\/{rel}","templated":true}]}}