{"id":11369,"date":"2023-05-03T10:24:36","date_gmt":"2023-05-03T08:24:36","guid":{"rendered":"http:\/\/eglise-visitation-dijon.net\/w3\/?page_id=11369"},"modified":"2023-05-03T10:44:12","modified_gmt":"2023-05-03T08:44:12","slug":"textes-profanes-et-chants-pour-bapteme","status":"publish","type":"page","link":"https:\/\/eglise-visitation-dijon.net\/w3\/textes-profanes-et-chants-pour-bapteme\/","title":{"rendered":"Textes profanes et chants pour bapt\u00eame"},"content":{"rendered":"\n<p><\/p>\n\n\n\n<p class=\"has-black-color has-text-color\"><\/p>\n\n\n\n<p class=\"has-vivid-red-color has-text-color\"><strong>Des hommes \u00e0 aimer <\/strong>de Nazim Hikmet<\/p>\n\n\n\n<p class=\"has-black-color has-text-color\">Ne vis pas sur cette terre \u00e0 la fa\u00e7on d&rsquo;un locataire ou bien comme en vill\u00e9giature dans la nature. Vis dans ce monde Comme si c&rsquo;\u00e9tait la maison de ton p\u00e8re. Crois aux grains, \u00e0 la terre, \u00e0 la mer, mais avant tout \u00e0 l&rsquo;homme. Aime le nuage, la machine, le livre. Mais avant tout aime l&rsquo;homme. Sens la tristesse de la branche qui se dess\u00e8che, de la plan\u00e8te qui s&rsquo;\u00e9teint, de l&rsquo;animal infirme. Mais avant tout la tristesse de l&rsquo;homme. Que tous les biens terrestres te prodiguent la joie, que l&rsquo;ombre et la clart\u00e9 te prodiguent la joie, que les quatre saisons te prodiguent la joie, mais avant tout que l&rsquo;homme te prodigue la joie.<\/p>\n\n\n\n<hr class=\"wp-block-separator has-alpha-channel-opacity is-style-wide\"\/>\n\n\n\n<p class=\"has-vivid-red-color has-text-color\"><strong>Demain mon fils tout sera diff\u00e9rent <\/strong>de Edwin Castro<\/p>\n\n\n\n<p class=\"has-black-color has-text-color\">L\u2019angoisse s\u2019en ira par la porte du fond, ferm\u00e9e \u00e0 jamais, par les mains d\u2019hommes nouveaux. <\/p>\n\n\n\n<p class=\"has-black-color has-text-color\">Demain, mon fils, tout sera diff\u00e9rent ; plus de fouet, plus de prison, plus de balle de fusil pour \u00e9touffer les id\u00e9es.<br>Tu marcheras dans les rues de toutes les villes, main dans la main avec tes enfants, ce qu\u2019aujourd\u2019hui je ne peux pas faire avec toi.<br>La prison n\u2019enfermera pas tes jeunes ann\u00e9es comme elle enferme les miennes ; tu ne mourras pas en exil, les yeux perdus, submerg\u00e9 de nostalgie, comme est mort mon p\u00e8re,<\/p>\n\n\n\n<p class=\"has-black-color has-text-color\">Demain, mon fils, tout sera diff\u00e9rent.<\/p>\n\n\n\n<hr class=\"wp-block-separator has-alpha-channel-opacity is-style-wide\"\/>\n\n\n\n<p class=\"has-vivid-red-color has-text-color\"><strong>Charles P\u00e9guy<\/strong><\/p>\n\n\n\n<p class=\"has-black-color has-text-color\">Tout ce qu\u2019il y a de petit est tout ce qu\u2019il y a de plus beau et de plus grand.<br>Tout ce qu\u2019il y a de neuf est tout ce qu\u2019il y a de plus beau et de plus grand.<br>Et le bapt\u00eame est le sacrement des petits.<br>Et le bapt\u00eame est le sacrement le plus neuf.<br>Et le bapt\u00eame est le sacrement qui commence.<\/p>\n\n\n\n<p class=\"has-black-color has-text-color\">Tout ce qui commence a une vertu qui ne se retrouve jamais plus.<br>Une force, une nouveaut\u00e9, une fra\u00eecheur comme l\u2019aube.<br>Une jeunesse, une ardeur. Un \u00e9lan. Une na\u00efvet\u00e9.<br>Une naissance qui ne se trouve jamais plus.<\/p>\n\n\n\n<p class=\"has-black-color has-text-color\">Le premier jour est le plus beau jour.<br>Le premier jour est peut-\u00eatre le seul beau jour.<br>Et le bapt\u00eame est le sacrement du premier jour.<br>Et le bapt\u00eame est tout ce qu\u2019il y a de beau et de grand.<br>S\u2019il n\u2019y avait pas le sacrifice.<br>Et la consommation du corps de Notre-Seigneur.<\/p>\n\n\n\n<hr class=\"wp-block-separator has-alpha-channel-opacity is-style-wide\"\/>\n\n\n\n<p class=\"has-vivid-red-color has-text-color\"><strong>\u00ab La vie est la vie \u00bb <\/strong>de M\u00e8re T\u00e9r\u00e9sa<\/p>\n\n\n\n<p class=\"has-black-color has-text-color\">La vie est beaut\u00e9, admire-la.<br>La vie est f\u00e9licit\u00e9, profites-en. <br>La vie est un r\u00eave, r\u00e9alise-le. <br>La vie est un d\u00e9fi, rel\u00e8ve-le. <br>La vie et un devoir, fais-le. <br>La vie est un jeu, joue-le. <br>La vie est pr\u00e9cieuse, soigne-la bien. <br>La vie est richesse, conserve-la. <br>La vie est amour, jouis-en. <br>La vie est un myst\u00e8re, p\u00e9n\u00e8tre-le. <br>La vie est une promesse, tiens-la. <br>La vie est tristesse, d\u00e9passe-la. <br>La vie est un hymne, chante-le. <br>La vie est un combat, accepte-le. <br>La vie est une trag\u00e9die, lutte avec elle. <br>La vie est une aventure, ose-la. <br>La vie est bonheur, m\u00e9rite-le. <br>La vie est la vie, d\u00e9fends-la.<\/p>\n\n\n\n<hr class=\"wp-block-separator has-alpha-channel-opacity is-style-wide\"\/>\n\n\n\n<p class=\"has-vivid-red-color has-text-color\"><strong>Quand leurs yeux s\u2019ouvriront <\/strong>de Anne Philipe<\/p>\n\n\n\n<p class=\"has-black-color has-text-color\">Qui des parents ou des enfants enseignent le plus \u00e0 l&rsquo;autre? Sans doute les adultes cherchent-ils plus consciemment \u00e0 inculquer les valeurs qu&rsquo;ils tiennent pour justes, et les enfants ignorent-ils les le\u00e7ons qu&rsquo;ils donnent. Tels des miroirs ils refl\u00e8tent longtemps, m\u00eame quand ils croient s&rsquo;insurger contre ce qui leur a \u00e9t\u00e9 donn\u00e9. Ils sont de s\u00e9v\u00e8res ma\u00eetres \u00e0 vivre, l&rsquo;exemple les influence davantage que les discours. Ils obligent \u00e0 prolonger la pens\u00e9e en action. Mais ils ont soif d&rsquo;absolu.<\/p>\n\n\n\n<p class=\"has-black-color has-text-color\">Ne nous r\u00e9jouissons pas quand leur amour, pour un temps confiant et aveugle, nous id\u00e9alise. Et souhaitons plut\u00f4t qu&rsquo;ils continuent \u00e0 nous aimer quand leurs yeux s&rsquo;ouvrent et leur laissent voir qui nous sommes.<\/p>\n\n\n\n<hr class=\"wp-block-separator has-alpha-channel-opacity is-style-wide\"\/>\n\n\n\n<p class=\"has-vivid-red-color has-text-color\"><strong>Khali Gibran<\/strong><\/p>\n\n\n\n<p class=\"has-black-color has-text-color\"><em>E<\/em>t une femme qui portait un enfant dans les bras dit,<br>Parlez-nous des Enfants.<br>Et il dit : Vos enfants ne sont pas vos enfants.<br>Ils sont les fils et les filles de l&rsquo;appel de la Vie \u00e0 elle-m\u00eame,<br>Ils viennent \u00e0 travers vous mais non de vous.<br>Et bien qu&rsquo;ils soient avec vous, ils ne vous appartiennent pas.<\/p>\n\n\n\n<p class=\"has-black-color has-text-color\">Vous pouvez leur donner votre amour mais non point vos pens\u00e9es,<br>Car ils ont leurs propres pens\u00e9es.<br>Vous pouvez accueillir leurs corps mais pas leurs \u00e2mes,<br>Car leurs \u00e2mes habitent la maison de demain, que vous ne pouvez visiter,<br>pas m\u00eame dans vos r\u00eaves.<br>Vous pouvez vous efforcer d&rsquo;\u00eatre comme eux,<br>mais ne tentez pas de les faire comme vous.<br>Car la vie ne va pas en arri\u00e8re, ni ne s&rsquo;attarde avec hier.<\/p>\n\n\n\n<p class=\"has-black-color has-text-color\">Vous \u00eates les arcs par qui vos enfants, comme des fl\u00e8ches vivantes, sont projet\u00e9s.<br>L&rsquo;Archer voit le but sur le chemin de l&rsquo;infini, et Il vous tend de Sa puissance<br>pour que Ses fl\u00e8ches puissent voler vite et loin.<br>Que votre tension par la main de l&rsquo;Archer soit pour la joie;<br>Car de m\u00eame qu&rsquo;Il aime la fl\u00e8che qui vole, Il aime l&rsquo;arc qui est stable.<\/p>\n\n\n\n<hr class=\"wp-block-separator has-alpha-channel-opacity is-style-wide\"\/>\n\n\n\n<p class=\"has-vivid-red-color has-text-color\"><strong>Prendre un enfant par la main <\/strong>de Yves Duteil<\/p>\n\n\n\n<p class=\"has-black-color has-text-color\">Prendre un enfant par la main<br>Pour l&#8217;emmener vers demain<br>Pour lui donner la confiance en son pas<br>Prendre un enfant pour un roi<\/p>\n\n\n\n<p class=\"has-black-color has-text-color\">Prendre un enfant dans ses bras<br>Et pour la premi\u00e8re fois<br>S\u00e9cher ses larmes en \u00e9touffant de joie<br>Prendre un enfant dans ses bras<\/p>\n\n\n\n<p class=\"has-black-color has-text-color\">Prendre un enfant par le c\u0153ur<br>Pour soulager ses malheurs<br>Tout doucement, sans parler, sans pudeur<br>Prendre un enfant sur son c\u0153ur<\/p>\n\n\n\n<p class=\"has-black-color has-text-color\">Prendre un enfant dans ses bras<br>Mais pour la premi\u00e8re fois<br>Verser des larmes en \u00e9touffant sa joie<br>Prendre un enfant contre soi<\/p>\n\n\n\n<p class=\"has-black-color has-text-color\">Prendre un enfant par la main<br>Et lui chanter des refrains<br>Pour qu&rsquo;il s&rsquo;endorme \u00e0 la tomb\u00e9e du jour<br>Prendre un enfant par l&rsquo;amour<\/p>\n\n\n\n<p class=\"has-black-color has-text-color\">Prendre un enfant comme il vient<br>Et consoler ses chagrins<br>Vivre sa vie des ann\u00e9es, puis soudain<br>Prendre un enfant par la main<\/p>\n\n\n\n<p class=\"has-black-color has-text-color\">En regardant tout au bout du chemin<br>Prendre un enfant pour le sien<\/p>\n\n\n\n<hr class=\"wp-block-separator has-alpha-channel-opacity is-style-wide\"\/>\n\n\n\n<p class=\"has-vivid-red-color has-text-color\"><strong>Chants ?<\/strong><\/p>\n\n\n\n<p class=\"has-black-color has-text-color\"><br>Tu nous appelles \u00e0 faire \u00c9glise<br>Rendons gloire \u00e0 notre Dieu<br>J&rsquo;ai vu l&rsquo;eau vive<br>Baptis\u00e9s dans l&rsquo;eau et dans l&rsquo;esprit<br>Une source coule en toi<br>Tu es devenu enfant de Dieu<br>Na\u00eetre et rena\u00eetre<br>Je t&rsquo;ai appel\u00e9 par ton nom<br>L&rsquo;eau vive du bapt\u00eame<br>Baptis\u00e9 dans la lumi\u00e8re de J\u00e9sus<br>Peuple de lumi\u00e8re<\/p>\n","protected":false},"excerpt":{"rendered":"<p>Des hommes \u00e0 aimer de Nazim Hikmet Ne vis pas sur cette terre \u00e0 la fa\u00e7on d&rsquo;un locataire ou bien comme en vill\u00e9giature dans la nature. Vis dans ce monde&#8230;<\/p>\n","protected":false},"author":1,"featured_media":0,"parent":0,"menu_order":0,"comment_status":"closed","ping_status":"closed","template":"","meta":{"footnotes":""},"class_list":["post-11369","page","type-page","status-publish","hentry"],"_links":{"self":[{"href":"https:\/\/eglise-visitation-dijon.net\/w3\/wp-json\/wp\/v2\/pages\/11369","targetHints":{"allow":["GET"]}}],"collection":[{"href":"https:\/\/eglise-visitation-dijon.net\/w3\/wp-json\/wp\/v2\/pages"}],"about":[{"href":"https:\/\/eglise-visitation-dijon.net\/w3\/wp-json\/wp\/v2\/types\/page"}],"author":[{"embeddable":true,"href":"https:\/\/eglise-visitation-dijon.net\/w3\/wp-json\/wp\/v2\/users\/1"}],"replies":[{"embeddable":true,"href":"https:\/\/eglise-visitation-dijon.net\/w3\/wp-json\/wp\/v2\/comments?post=11369"}],"version-history":[{"count":4,"href":"https:\/\/eglise-visitation-dijon.net\/w3\/wp-json\/wp\/v2\/pages\/11369\/revisions"}],"predecessor-version":[{"id":11377,"href":"https:\/\/eglise-visitation-dijon.net\/w3\/wp-json\/wp\/v2\/pages\/11369\/revisions\/11377"}],"wp:attachment":[{"href":"https:\/\/eglise-visitation-dijon.net\/w3\/wp-json\/wp\/v2\/media?parent=11369"}],"curies":[{"name":"wp","href":"https:\/\/api.w.org\/{rel}","templated":true}]}}