{"id":12919,"date":"2024-05-24T17:45:43","date_gmt":"2024-05-24T15:45:43","guid":{"rendered":"http:\/\/eglise-visitation-dijon.net\/w3\/?page_id=12919"},"modified":"2024-05-24T17:46:57","modified_gmt":"2024-05-24T15:46:57","slug":"liens-climat","status":"publish","type":"page","link":"https:\/\/eglise-visitation-dijon.net\/w3\/liens-climat\/","title":{"rendered":"Liens Climat"},"content":{"rendered":"\n<h2 class=\"wp-block-heading\">Quelques liens parmi beaucoup d&rsquo;autres<\/h2>\n\n\n\n<div style=\"height:49px\" aria-hidden=\"true\" class=\"wp-block-spacer\"><\/div>\n\n\n\n<p><a rel=\"noreferrer noopener\" href=\"https:\/\/nosgestesclimat.fr\/\" target=\"_blank\"><strong>Nos Gestes Climat<\/strong><\/a> : Simulateur d\u2019empreinte carbone individuelle permettant de comprendre quels sont nos usages qui contribuent le plus au changement climatique, et de saisir les actions qui auraient le plus d\u2019impact pour le r\u00e9duire.<\/p>\n\n\n\n<p><a rel=\"noreferrer noopener\" href=\"https:\/\/www.2tonnes.org\/blog\" target=\"_blank\"><strong>2tonnes<\/strong><\/a> : Acc\u00e9l\u00e9rer la transition \u00e9cologique, sociale et heureuse en impulsant ou renfor\u00e7ant une dynamique d\u2019action chez les acteurs de la soci\u00e9t\u00e9 pour qu\u2019ils deviennent des acteurs de cette transition<\/p>\n\n\n\n<p><strong><a rel=\"noreferrer noopener\" href=\"https:\/\/plate-formedactionlaudatosi.org\/\" target=\"_blank\">Plateforme d\u2019action Laudato Si\u2019<\/a><\/strong> : Les moyens d\u2019agir maintenant, quand c\u2019est \u201curgent et n\u00e9cessaire.\u201d (LS 57)<\/p>\n\n\n\n<p><strong><a rel=\"noreferrer noopener\" href=\"https:\/\/www.egliseverte.org\/actualites\/nouvelle-version-de-leco-diagnostic-paroisse-eglise-locale\/\" target=\"_blank\">\u00c9glise verte<\/a><\/strong> : Nouvelle version de l\u2019\u00e9co-diagnostic paroisse-\u00e9glise locale !<\/p>\n\n\n\n<p><strong><a rel=\"noreferrer noopener\" href=\"https:\/\/fresqueduclimat.org\/\" target=\"_blank\">La fresque du climat<\/a><\/strong> : La Fresque du Climat permet \u00e0 chacun\u00b7e de comprendre le fonctionnement, l\u2019ampleur et la complexit\u00e9 des enjeux li\u00e9s aux d\u00e9r\u00e8glements climatiques.<\/p>\n\n\n\n<p><strong><a rel=\"noreferrer noopener\" href=\"http:\/\/eglise-visitation-dijon.net\/w2\/eco\/Historique-Ecologie-Visitation-2.pdf\" target=\"_blank\">Coup d\u2019\u0153il dans le retro de La Visitation<br><\/a><\/strong><\/p>\n","protected":false},"excerpt":{"rendered":"<p>Quelques liens parmi beaucoup d&rsquo;autres Nos Gestes Climat : Simulateur d\u2019empreinte carbone individuelle permettant de comprendre quels sont nos usages qui contribuent le plus au changement climatique, et de saisir&#8230;<\/p>\n","protected":false},"author":1,"featured_media":0,"parent":0,"menu_order":0,"comment_status":"closed","ping_status":"closed","template":"","meta":{"footnotes":""},"class_list":["post-12919","page","type-page","status-publish","hentry"],"_links":{"self":[{"href":"https:\/\/eglise-visitation-dijon.net\/w3\/wp-json\/wp\/v2\/pages\/12919","targetHints":{"allow":["GET"]}}],"collection":[{"href":"https:\/\/eglise-visitation-dijon.net\/w3\/wp-json\/wp\/v2\/pages"}],"about":[{"href":"https:\/\/eglise-visitation-dijon.net\/w3\/wp-json\/wp\/v2\/types\/page"}],"author":[{"embeddable":true,"href":"https:\/\/eglise-visitation-dijon.net\/w3\/wp-json\/wp\/v2\/users\/1"}],"replies":[{"embeddable":true,"href":"https:\/\/eglise-visitation-dijon.net\/w3\/wp-json\/wp\/v2\/comments?post=12919"}],"version-history":[{"count":2,"href":"https:\/\/eglise-visitation-dijon.net\/w3\/wp-json\/wp\/v2\/pages\/12919\/revisions"}],"predecessor-version":[{"id":12922,"href":"https:\/\/eglise-visitation-dijon.net\/w3\/wp-json\/wp\/v2\/pages\/12919\/revisions\/12922"}],"wp:attachment":[{"href":"https:\/\/eglise-visitation-dijon.net\/w3\/wp-json\/wp\/v2\/media?parent=12919"}],"curies":[{"name":"wp","href":"https:\/\/api.w.org\/{rel}","templated":true}]}}