{"id":13871,"date":"2025-07-12T11:57:25","date_gmt":"2025-07-12T09:57:25","guid":{"rendered":"https:\/\/eglise-visitation-dijon.net\/w3\/?page_id=13871"},"modified":"2025-07-12T11:57:26","modified_gmt":"2025-07-12T09:57:26","slug":"leglise-notre-dame-de-lassomption-de-neuilly-crimolois","status":"publish","type":"page","link":"https:\/\/eglise-visitation-dijon.net\/w3\/leglise-notre-dame-de-lassomption-de-neuilly-crimolois\/","title":{"rendered":"L&rsquo;\u00e9glise Notre Dame de l&rsquo;Assomption de Neuilly Crimolois"},"content":{"rendered":"\n<figure class=\"wp-block-video alignwide\"><video height=\"720\" style=\"aspect-ratio: 1280 \/ 720;\" width=\"1280\" controls src=\"https:\/\/eglise-visitation-dijon.net\/w3\/wp-content\/uploads\/2025\/07\/Crimolois-VC-2022-1.mp4\"><\/video><\/figure>\n\n\n\n<p>La commune de Crimolois a conserv\u00e9 le souvenir de la pr\u00e9sence des fr\u00e8res hospitaliers sur son territoire, en mettant la croix de Malte dans ses armoiries.<\/p>\n\n\n\n<p>L\u2019\u00e9glise de l\u2019Assomption, est souvent pr\u00e9sent\u00e9e comme l&rsquo;ancienne chapelle des chevaliers de Malte.<\/p>\n\n\n\n<p>Elle ne comporte pourtant aucune trace d&rsquo;architecture m\u00e9di\u00e9vale. R\u00e9duite \u00e0 une nef rectangulaire de 12 m\u00e8tres sur 6, ses cinq grandes baies font penser \u00e0 une construction du XVIIIe si\u00e8cle.<\/p>\n\n\n\n<p>Parmi les Objets mobiliers qui sont parvenus jusqu\u2019\u00e0 nous, nous retiendrons&nbsp;:<\/p>\n\n\n\n<ul class=\"wp-block-list\">\n<li>L\u2019Autel en bois peint en faux marbre avec de belles formes type XVIIe \u2013 XVIIIe si\u00e8cle.<\/li>\n\n\n\n<li>Le Devant du Tabernacle en bois sculpt\u00e9, de style baroque avec des angelots et ciboire dor\u00e9\u00a0: pour permettre la c\u00e9l\u00e9bration de la messe face aux fid\u00e8les, le tabernacle a \u00e9t\u00e9 s\u00e9par\u00e9 de l\u2019autel, l\u2019avant \u00e9tant fix\u00e9 \u00e0 droite du mur Est.<\/li>\n\n\n\n<li>Au-dessus de l\u2019Autel, Un grand Crucifix ancien, en bois enduit et peint.<\/li>\n\n\n\n<li>Dans la nef, c\u00f4t\u00e9 Nord, une grande toile de qualit\u00e9 (1,30 \u00d7 0,95 m) sans doute du XVIIe si\u00e8cle, repr\u00e9sentant la Descente de Croix, dont la composition et le mouvement des personnages retiennent l\u2019attention.<\/li>\n\n\n\n<li>En face, du c\u00f4t\u00e9 Sud, une toile de l\u2019Assomption (XVIIIe si\u00e8cle\u00a0?). Cette toile, ainsi que la statue en bois enduit et peint, tr\u00e8s int\u00e9ressante, de Saint Jean-Baptiste, conserv\u00e9e dans la sacristie, m\u00e9ritent d\u2019\u00eatre restaur\u00e9es.<\/li>\n\n\n\n<li>Dans l\u2019all\u00e9e centrale, une Pierre Tombale grav\u00e9e, apport\u00e9e de Fauverney, comporte une inscription relev\u00e9e dans les actes de la commission des antiquit\u00e9s de la C\u00f4te d\u2019Or.<\/li>\n<\/ul>\n","protected":false},"excerpt":{"rendered":"<p>La commune de Crimolois a conserv\u00e9 le souvenir de la pr\u00e9sence des fr\u00e8res hospitaliers sur son territoire, en mettant la croix de Malte dans ses armoiries. L\u2019\u00e9glise de l\u2019Assomption, est&#8230;<\/p>\n","protected":false},"author":4,"featured_media":0,"parent":0,"menu_order":0,"comment_status":"closed","ping_status":"closed","template":"","meta":{"footnotes":""},"class_list":["post-13871","page","type-page","status-publish","hentry"],"_links":{"self":[{"href":"https:\/\/eglise-visitation-dijon.net\/w3\/wp-json\/wp\/v2\/pages\/13871","targetHints":{"allow":["GET"]}}],"collection":[{"href":"https:\/\/eglise-visitation-dijon.net\/w3\/wp-json\/wp\/v2\/pages"}],"about":[{"href":"https:\/\/eglise-visitation-dijon.net\/w3\/wp-json\/wp\/v2\/types\/page"}],"author":[{"embeddable":true,"href":"https:\/\/eglise-visitation-dijon.net\/w3\/wp-json\/wp\/v2\/users\/4"}],"replies":[{"embeddable":true,"href":"https:\/\/eglise-visitation-dijon.net\/w3\/wp-json\/wp\/v2\/comments?post=13871"}],"version-history":[{"count":1,"href":"https:\/\/eglise-visitation-dijon.net\/w3\/wp-json\/wp\/v2\/pages\/13871\/revisions"}],"predecessor-version":[{"id":13873,"href":"https:\/\/eglise-visitation-dijon.net\/w3\/wp-json\/wp\/v2\/pages\/13871\/revisions\/13873"}],"wp:attachment":[{"href":"https:\/\/eglise-visitation-dijon.net\/w3\/wp-json\/wp\/v2\/media?parent=13871"}],"curies":[{"name":"wp","href":"https:\/\/api.w.org\/{rel}","templated":true}]}}