{"id":13875,"date":"2025-07-12T12:00:02","date_gmt":"2025-07-12T10:00:02","guid":{"rendered":"https:\/\/eglise-visitation-dijon.net\/w3\/?page_id=13875"},"modified":"2025-11-17T08:55:36","modified_gmt":"2025-11-17T07:55:36","slug":"leglise-saint-martin-de-quetigny","status":"publish","type":"page","link":"https:\/\/eglise-visitation-dijon.net\/w3\/leglise-saint-martin-de-quetigny\/","title":{"rendered":"L&rsquo;\u00e9glise Saint Martin de Quetigny"},"content":{"rendered":"\n<figure class=\"wp-block-video alignwide\"><video height=\"720\" style=\"aspect-ratio: 1280 \/ 720;\" width=\"1280\" controls src=\"https:\/\/eglise-visitation-dijon.net\/w3\/wp-content\/uploads\/2025\/07\/Martin-VC-2022.mp4\"><\/video><\/figure>\n\n\n\n<p>C\u2019est l\u2019architecte SIRODOT qui a construit l\u2019\u00c9glise de 1841-42 dans le style n\u00e9oroman de l\u2019\u00e9poque rempla\u00e7ant les \u00e9difices anciens d\u00e9molis (au moins 2).<\/p>\n\n\n\n<p>En p\u00e9n\u00e9trant dans l\u2019\u00e9glise, vo\u00fbt\u00e9e en berceau, l\u2019attention est attir\u00e9e par la qualit\u00e9 des boiseries sculpt\u00e9es qui enveloppent, sur une hauteur de quatre m\u00e8tres, onze pilastres, sur lesquels repose la vo\u00fbte de la nef et du ch\u0153ur, la douzi\u00e8me, entre la nef et le transept nord, portant la chaire \u00e0 pr\u00eacher. Les sculptures de ces boiseries repr\u00e9sentent des meubles, objets, v\u00eatements liturgiques, cymbales eucharistiques, comme cela se faisait couramment au XVIIIe si\u00e8cle. Achet\u00e9es \u00e0 Beaune vers 1857 (on en ignore l\u2019origine exacte), ces boiseries ont \u00e9t\u00e9 class\u00e9es monuments historiques en 1914.<\/p>\n\n\n\n<h2 class=\"wp-block-heading\">Plusieurs meubles et objets m\u00e9ritent de retenir l\u2019attention\u00a0<\/h2>\n\n\n\n<ul class=\"wp-block-list\">\n<li>Une toile peinte au XVIIIe si\u00e8cle (2m50 x 2m) class\u00e9e monument historique en 1966, a pour th\u00e8me\u00a0: Marie pr\u00e9sentant l\u2019enfant J\u00e9sus \u00e0 un moine franciscain, sans doute Saint Antoine de Padoue\u00a0: c\u2019est une belle \u0153uvre, pleine de vie.<\/li>\n\n\n\n<li>Une stalle curiale de la fin du XVIIe si\u00e8cle et des stalles (\u00e0 cinq places) de la fin du XVIIIe si\u00e8cle sont en bois sculpt\u00e9, inscrites \u00e0 l\u2019inventaire suppl\u00e9mentaire des monuments historiques en 1996.<\/li>\n\n\n\n<li>Un crucifix en bois sculpt\u00e9 a \u00e9t\u00e9, lui aussi, inscrit \u00e0 l\u2019inventaire suppl\u00e9mentaire des monuments historiques. Il a pu servir, pour l\u2019adoration de la Croix, le vendredi Saint.<\/li>\n\n\n\n<li>Pour m\u00e9moire, rappelons le beau panneau en bois sculpt\u00e9 de la Visitation (fin du XVIIIe si\u00e8cle) class\u00e9 monument historique en 1976, qui se trouvait \u00e0 c\u00f4t\u00e9 du crucifix, avant son transfert \u00e0 la Visitation, la nouvelle \u00e9glise de l\u2019Ensemble paroissial.<\/li>\n\n\n\n<li>Une statuette en bois, sign\u00e9e J.S. HARTMANN, 1933\u00a0: elle repr\u00e9sente la Vierge en son assomption, avec, \u00e0 ses pieds, des gerbes de bl\u00e9\u00a0; b\u00e9nie solennellement lors de la procession du 15 ao\u00fbt 1934, elle a \u00e9t\u00e9 appel\u00e9e par son auteur, une femme, \u00ab\u00a0Notre Dame des bl\u00e9s\u00a0\u00bb.<\/li>\n<\/ul>\n","protected":false},"excerpt":{"rendered":"<p>C\u2019est l\u2019architecte SIRODOT qui a construit l\u2019\u00c9glise de 1841-42 dans le style n\u00e9oroman de l\u2019\u00e9poque rempla\u00e7ant les \u00e9difices anciens d\u00e9molis (au moins 2). En p\u00e9n\u00e9trant dans l\u2019\u00e9glise, vo\u00fbt\u00e9e en berceau,&#8230;<\/p>\n","protected":false},"author":4,"featured_media":0,"parent":0,"menu_order":0,"comment_status":"closed","ping_status":"closed","template":"","meta":{"footnotes":""},"class_list":["post-13875","page","type-page","status-publish","hentry"],"_links":{"self":[{"href":"https:\/\/eglise-visitation-dijon.net\/w3\/wp-json\/wp\/v2\/pages\/13875","targetHints":{"allow":["GET"]}}],"collection":[{"href":"https:\/\/eglise-visitation-dijon.net\/w3\/wp-json\/wp\/v2\/pages"}],"about":[{"href":"https:\/\/eglise-visitation-dijon.net\/w3\/wp-json\/wp\/v2\/types\/page"}],"author":[{"embeddable":true,"href":"https:\/\/eglise-visitation-dijon.net\/w3\/wp-json\/wp\/v2\/users\/4"}],"replies":[{"embeddable":true,"href":"https:\/\/eglise-visitation-dijon.net\/w3\/wp-json\/wp\/v2\/comments?post=13875"}],"version-history":[{"count":2,"href":"https:\/\/eglise-visitation-dijon.net\/w3\/wp-json\/wp\/v2\/pages\/13875\/revisions"}],"predecessor-version":[{"id":14388,"href":"https:\/\/eglise-visitation-dijon.net\/w3\/wp-json\/wp\/v2\/pages\/13875\/revisions\/14388"}],"wp:attachment":[{"href":"https:\/\/eglise-visitation-dijon.net\/w3\/wp-json\/wp\/v2\/media?parent=13875"}],"curies":[{"name":"wp","href":"https:\/\/api.w.org\/{rel}","templated":true}]}}