{"id":13879,"date":"2025-07-12T12:06:00","date_gmt":"2025-07-12T10:06:00","guid":{"rendered":"https:\/\/eglise-visitation-dijon.net\/w3\/?page_id=13879"},"modified":"2025-07-12T12:06:00","modified_gmt":"2025-07-12T10:06:00","slug":"leglise-saint-maurice-de-sennecy-les-dijon","status":"publish","type":"page","link":"https:\/\/eglise-visitation-dijon.net\/w3\/leglise-saint-maurice-de-sennecy-les-dijon\/","title":{"rendered":"L&rsquo;\u00e9glise Saint Maurice de Sennecy-l\u00e8s-Dijon"},"content":{"rendered":"\n<figure class=\"wp-block-video alignwide\"><video height=\"540\" style=\"aspect-ratio: 960 \/ 540;\" width=\"960\" controls src=\"https:\/\/eglise-visitation-dijon.net\/w3\/wp-content\/uploads\/2025\/07\/Sennecey-VC-2019-1.mp4\"><\/video><\/figure>\n\n\n\n<p><strong>QUELQUES MOTS D&rsquo;HISTOIRE<br><br><\/strong>Implant\u00e9 le long de la voie romaine secondaire de Dijon \u00e0 St-Jean-de-Losne, le village au nom latin de Seliciacum passera par Sellecey avant de devenir Sennecey ; lez ou l\u00e8s \u2013 du latin latus = c\u00f4t\u00e9 \u2013 indique la proximit\u00e9 : Sennecey pr\u00e8s de Dijon comme Plombi\u00e8res ou Fontaine-l\u00e8s-Dijon. D\u00e8s 887, Sennecey avait une \u00e9glise paroissiale, d\u00e9pendante de l\u2019abbaye de Saint-\u00c9tienne de Dijon. Reb\u00e2tie en 1049, cette \u00e9glise &#8211; d\u00e9di\u00e9e, comme la pr\u00e9c\u00e9dente, \u00e0 saint Maurice, l\u00e9gionnaire romain, martyris\u00e9 dans le Valais en Suisse, \u00e0 la fin du III \u00e8me si\u00e8cle \u2013 fut consacr\u00e9e en 1059. Elle cesse d\u2019\u00eatre paroissiale pour devenir annexe de Qu\u00e9tigny o\u00f9 l\u2019abb\u00e9 de Saint-\u00c9tienne venait d\u2019\u00e9tablir un prieur\u00e9-cure : c\u2019est un chanoine r\u00e9gulier de ce prieur\u00e9 qui dessert, d\u00e9sormais, l\u2019\u00e9glise de Sennecey et ses paroissiens. Gr\u00e2ce aux recherches du Chanoine Marilier, historien, nous connaissons le nom de l\u2019architecte qui a reconstruit l\u2019\u00e9glise de Sennecey, en 1049 : ANGELIO GALLICUS (Angelio le Fran\u00e7ais) cette pr\u00e9cision m\u00e9rite d\u2019\u00eatre soulign\u00e9e, car elle est rare au XI\u00b0 si\u00e8cle. L\u2019abb\u00e9 Denizot, historien de la C\u00f4te d\u2019Or \u00e0 la fin du XIX\u00b0 si\u00e8cle, note qu\u2019en 1775, la paroisse de Sennecey comptait \u00ab 20 feux et 80 communiants \u00bb. En 1803, elle obtint un cur\u00e9 qui desservait aussi Crimolois. Mais elle perdit assez vite son titre de paroisse curiale, pour \u00eatre annex\u00e9e \u00e0 Neuilly-l\u00e8s-Dijon, avant d\u2019int\u00e9grer ce qui deviendra l\u2019ensemble paroissial de la Visitation.<br><br><\/p>\n\n\n\n<p><strong>L\u2019\u00c9DIFICE<br><br><\/strong>Bien que tr\u00e8s remani\u00e9e au cours des si\u00e8cles, notamment en raison des restaurations intervenues au XVI\u00b0, puis au XVII\u00b0 si\u00e8cle, l\u2019\u00e9glise de Sennecey a conserv\u00e9 pour l\u2019essentiel sa nef de 1049. Sur la fa\u00e7ade ouest de l\u2019\u00e9glise, (c\u00f4t\u00e9 porche), on aper\u00e7oit, dissimul\u00e9s sous des enduits protecteurs, les vestiges de bandes lombardes, caract\u00e9ristiques de l\u2019art roman du XII\u00e8me si\u00e8cle. A partir du XVI\u00b0 si\u00e8cle, le ch\u0153ur subira de nombreuses transformations. Le chevet (fond du ch\u0153ur, orient\u00e9 vers l\u2019Est) a \u00e9t\u00e9 perc\u00e9 d\u2019une baie. On y a plac\u00e9 un vitrail dont le m\u00e9daillon sup\u00e9rieur repr\u00e9sente, avec finesse, saint Maurice, patron de la paroisse (class\u00e9 monument historique). En dessous du m\u00e9daillon de saint Maurice, un vitrail, de l\u2019\u00e9poque de la restauration, constitue un ensemble aux couleurs vives. De chaque c\u00f4t\u00e9 du vitrail, un d\u00e9cor en stuc, du XVII\u00b0, avec ses grandes statues d\u2019environ un m\u00e8tre, en bois peint, de Saint Maurice et de la Sainte Vierge, occupe tout le fond du ch\u0153ur.\u00a0 Ce d\u00e9cor en stuc et les deux statues ont \u00e9t\u00e9 inscrits \u00e0 l\u2019inventaire suppl\u00e9mentaire des monuments historiques.<br><br><strong>RESTAURATIONS PASS\u00c9ES ET FUTURES<br><br><\/strong>La municipalit\u00e9, propri\u00e9taire de l\u2019\u00e9difice depuis 1905, en application de la loi de s\u00e9paration de l\u2019\u00e9glise et de l\u2019\u00c9tat, a eu soin d\u2019entretenir son patrimoine : en 1966, elle a organis\u00e9 une campagne de restauration avec les paroissiens et la troupe scoute du lyc\u00e9e Saint Fran\u00e7ois de Sales de Dijon, conseill\u00e9e par la commission dioc\u00e9saine d\u2019art sacr\u00e9, puis des travaux compl\u00e9mentaires de peinture et d\u2019\u00e9clairage ont \u00e9t\u00e9 men\u00e9s en1983.\u00a0 Depuis 2014, en lien avec la Fondation de Patrimoine, une campagne de restauration a concern\u00e9 les statues, le tableau de la vierge \u00e0 l\u2019enfant et les fa\u00e7ades ext\u00e9rieures de l\u2019\u00e9glise. Sur la porte de la sacristie nous pouvons voir un tableau de \u201cLa Vierge \u00e0 l\u2019enfant\u201d, huile sur toile, attribu\u00e9e \u00e0 Luc Despesches, XVII\u00e8me si\u00e8cle. Le cadre a \u00e9t\u00e9 restaur\u00e9 en 2014 par un b\u00e9n\u00e9vole.\u00a0 La restauration compl\u00e8te du tableau, a \u00e9t\u00e9 effectu\u00e9e, en 2017 par Mme LEMOT. Notre \u00e9glise m\u00e9rite encore de grands travaux de restauration, notamment int\u00e9rieure : enduits, a\u00e9ration, peinture. Des analyses sont actuellement men\u00e9es par des architectes sp\u00e9cialis\u00e9s afin de d\u00e9terminer la nature et le co\u00fbt des travaux \u00e0 r\u00e9aliser qui feront l\u2019objet d\u2019un nouvel appel aux dons.<br><br>L&rsquo;association \u00ab\u00a0Les Amis de l&rsquo;\u00e9glise St Maurice\u00a0\u00bb a \u00e9t\u00e9 cr\u00e9\u00e9e en 2013. Elle s\u2019attache \u00e0 la restauration et \u00e0 l\u2019entretien de l\u2019\u00e9glise Saint-Maurice de Sennecey-l\u00e8s-Dijon, ainsi qu\u2019aux objets class\u00e9s qu\u2019elle contient. En lien avec la municipalit\u00e9, elle entend mobiliser les habitants pour la sauvegarde de ce patrimoine.<br><\/p>\n","protected":false},"excerpt":{"rendered":"<p>QUELQUES MOTS D&rsquo;HISTOIRE Implant\u00e9 le long de la voie romaine secondaire de Dijon \u00e0 St-Jean-de-Losne, le village au nom latin de Seliciacum passera par Sellecey avant de devenir Sennecey ;&#8230;<\/p>\n","protected":false},"author":4,"featured_media":0,"parent":0,"menu_order":0,"comment_status":"closed","ping_status":"closed","template":"","meta":{"footnotes":""},"class_list":["post-13879","page","type-page","status-publish","hentry"],"_links":{"self":[{"href":"https:\/\/eglise-visitation-dijon.net\/w3\/wp-json\/wp\/v2\/pages\/13879","targetHints":{"allow":["GET"]}}],"collection":[{"href":"https:\/\/eglise-visitation-dijon.net\/w3\/wp-json\/wp\/v2\/pages"}],"about":[{"href":"https:\/\/eglise-visitation-dijon.net\/w3\/wp-json\/wp\/v2\/types\/page"}],"author":[{"embeddable":true,"href":"https:\/\/eglise-visitation-dijon.net\/w3\/wp-json\/wp\/v2\/users\/4"}],"replies":[{"embeddable":true,"href":"https:\/\/eglise-visitation-dijon.net\/w3\/wp-json\/wp\/v2\/comments?post=13879"}],"version-history":[{"count":1,"href":"https:\/\/eglise-visitation-dijon.net\/w3\/wp-json\/wp\/v2\/pages\/13879\/revisions"}],"predecessor-version":[{"id":13881,"href":"https:\/\/eglise-visitation-dijon.net\/w3\/wp-json\/wp\/v2\/pages\/13879\/revisions\/13881"}],"wp:attachment":[{"href":"https:\/\/eglise-visitation-dijon.net\/w3\/wp-json\/wp\/v2\/media?parent=13879"}],"curies":[{"name":"wp","href":"https:\/\/api.w.org\/{rel}","templated":true}]}}