{"id":14601,"date":"2026-02-07T12:21:08","date_gmt":"2026-02-07T11:21:08","guid":{"rendered":"https:\/\/eglise-visitation-dijon.net\/w3\/?page_id=14601"},"modified":"2026-04-05T22:07:16","modified_gmt":"2026-04-05T20:07:16","slug":"horaires-des-messes","status":"publish","type":"page","link":"https:\/\/eglise-visitation-dijon.net\/w3\/horaires-des-messes\/","title":{"rendered":"Horaires des messes"},"content":{"rendered":"\n<p class=\"has-text-align-center has-medium-font-size\"><strong>Messes dominicales :<\/strong> samedi 18h30, dimanche 10h30<br><strong>Messes en semaine<\/strong> SAUF les semaines du 6 au 10 avril et du 22 au 30 avril<br><strong>Mardi 17h :<\/strong> Les Tonnelles \u00e0 Chevigny<br><strong>Mercredi 16h30 <\/strong>: Le Cromois \u00e0 Quetigny<br><strong>Jeudi 11h :<\/strong> maison de retraite Combe St Victor \u00e0 Neuilly le 16 avril<br>Ces derni\u00e8res \u00e9tant r\u00e9serv\u00e9es aux r\u00e9sidents des maisons de retraite<br><strong>Jeudi 9h <\/strong>: \u00c9glise St Maurice \u00e0 Sennecey-l\u00e8s-Dijon<br><strong>Vendredi <\/strong>: 8h45 \u00e0 l\u2019\u00e9glise de La Visitation<\/p>\n\n\n\n<p class=\"has-text-align-center has-medium-font-size\"><strong>Confessions: <\/strong>prendre rendez-vous aupr\u00e8s du pr\u00eatre.<\/p>\n\n\n\n<p class=\"has-text-align-center has-medium-font-size\"><br><strong>GROUPES DE PRI\u00c8RE<\/strong><br><strong>Chapelet <\/strong>: lundi \u00e0 16h30 et mercredi \u00e0 10h30<br><strong>Adoration du St Sacrement :<\/strong> \u00e0 20h le jeudi 9 avril<br><strong>Pri\u00e8re pour les malades :<\/strong> \u00e0 17h30 le jeudi 30 avril<br><strong>Fraternit\u00e9 Pentec\u00f4te :<\/strong> le mardi \u00e0 20h les 7, 14, 21 et 28 avril, : Pour cheminer avec la gr\u00e2ce de l\u2019Esprit Saint (en mai les 5, 12 et 19 mai)<br><br><strong>L\u2019\u00c9glise de La Visitation est ouverte tous les jours de 10h \u00e0 18h<\/strong><\/p>\n","protected":false},"excerpt":{"rendered":"<p>Messes dominicales : samedi 18h30, dimanche 10h30Messes en semaine SAUF les semaines du 6 au 10 avril et du 22 au 30 avrilMardi 17h : Les Tonnelles \u00e0 ChevignyMercredi 16h30&#8230;<\/p>\n","protected":false},"author":4,"featured_media":0,"parent":0,"menu_order":0,"comment_status":"closed","ping_status":"closed","template":"","meta":{"footnotes":""},"class_list":["post-14601","page","type-page","status-publish","hentry"],"_links":{"self":[{"href":"https:\/\/eglise-visitation-dijon.net\/w3\/wp-json\/wp\/v2\/pages\/14601","targetHints":{"allow":["GET"]}}],"collection":[{"href":"https:\/\/eglise-visitation-dijon.net\/w3\/wp-json\/wp\/v2\/pages"}],"about":[{"href":"https:\/\/eglise-visitation-dijon.net\/w3\/wp-json\/wp\/v2\/types\/page"}],"author":[{"embeddable":true,"href":"https:\/\/eglise-visitation-dijon.net\/w3\/wp-json\/wp\/v2\/users\/4"}],"replies":[{"embeddable":true,"href":"https:\/\/eglise-visitation-dijon.net\/w3\/wp-json\/wp\/v2\/comments?post=14601"}],"version-history":[{"count":8,"href":"https:\/\/eglise-visitation-dijon.net\/w3\/wp-json\/wp\/v2\/pages\/14601\/revisions"}],"predecessor-version":[{"id":14809,"href":"https:\/\/eglise-visitation-dijon.net\/w3\/wp-json\/wp\/v2\/pages\/14601\/revisions\/14809"}],"wp:attachment":[{"href":"https:\/\/eglise-visitation-dijon.net\/w3\/wp-json\/wp\/v2\/media?parent=14601"}],"curies":[{"name":"wp","href":"https:\/\/api.w.org\/{rel}","templated":true}]}}