{"id":14605,"date":"2026-02-07T12:24:12","date_gmt":"2026-02-07T11:24:12","guid":{"rendered":"https:\/\/eglise-visitation-dijon.net\/w3\/?page_id=14605"},"modified":"2026-02-07T12:24:12","modified_gmt":"2026-02-07T11:24:12","slug":"informations-pratiques","status":"publish","type":"page","link":"https:\/\/eglise-visitation-dijon.net\/w3\/informations-pratiques\/","title":{"rendered":"Informations pratiques"},"content":{"rendered":"\n<p><strong>Confessions <\/strong>: prendre rendez-vous aupr\u00e8s du pr\u00eatre.<\/p>\n\n\n\n<p><br><strong>ACCUEIL PAROISSIAL <\/strong><\/p>\n\n\n\n<p><strong>Permanence \u00e0 l\u2019accueil<\/strong> : tous les jours SAUF les jours f\u00e9ri\u00e9s de 17h30 \u00e0 18h30 et samedi de 10h \u00e0 12.<br><strong>Ferm\u00e9 le dimanche.<\/strong> Contact : 03 80 30 65 24<br><strong><br>P J\u00e9r\u00f4me RICHON <\/strong>Vendredi 17h-18h30, ou sur rendez-vous 06 28 79 03 18<\/p>\n\n\n\n<p><br><strong>OBS\u00c8QUES <\/strong><\/p>\n\n\n\n<p><strong>Permanence t\u00e9l\u00e9phonique<\/strong> 06 43 09 83 32<br><strong>SECOURS CATHOLIQUE :<\/strong> Accueil sur rendez-vous 03 80 46 28 07<br><strong>REPAS SOLIDAIRES :<\/strong> horaires habituels<br><br><br><strong>VISITE AUX MALADES<\/strong><br>Les personnes malades, \u00e2g\u00e9es ou isol\u00e9es qui souhaiteraient la visite \u00e0 leur domicile d\u2019une personne de l\u2019\u00e9quipe visiteurs de malades peuvent contacter <strong>Bernadette SCHILTZ \u2013 06 24 37 44 41<\/strong><br><br><strong>L\u2019\u00c9glise de La Visitation est ouverte tous les jours de 10h \u00e0 18h<\/strong><\/p>\n","protected":false},"excerpt":{"rendered":"<p>Confessions : prendre rendez-vous aupr\u00e8s du pr\u00eatre. ACCUEIL PAROISSIAL Permanence \u00e0 l\u2019accueil : tous les jours SAUF les jours f\u00e9ri\u00e9s de 17h30 \u00e0 18h30 et samedi de 10h \u00e0 12.Ferm\u00e9&#8230;<\/p>\n","protected":false},"author":4,"featured_media":0,"parent":0,"menu_order":0,"comment_status":"closed","ping_status":"closed","template":"","meta":{"footnotes":""},"class_list":["post-14605","page","type-page","status-publish","hentry"],"_links":{"self":[{"href":"https:\/\/eglise-visitation-dijon.net\/w3\/wp-json\/wp\/v2\/pages\/14605","targetHints":{"allow":["GET"]}}],"collection":[{"href":"https:\/\/eglise-visitation-dijon.net\/w3\/wp-json\/wp\/v2\/pages"}],"about":[{"href":"https:\/\/eglise-visitation-dijon.net\/w3\/wp-json\/wp\/v2\/types\/page"}],"author":[{"embeddable":true,"href":"https:\/\/eglise-visitation-dijon.net\/w3\/wp-json\/wp\/v2\/users\/4"}],"replies":[{"embeddable":true,"href":"https:\/\/eglise-visitation-dijon.net\/w3\/wp-json\/wp\/v2\/comments?post=14605"}],"version-history":[{"count":1,"href":"https:\/\/eglise-visitation-dijon.net\/w3\/wp-json\/wp\/v2\/pages\/14605\/revisions"}],"predecessor-version":[{"id":14606,"href":"https:\/\/eglise-visitation-dijon.net\/w3\/wp-json\/wp\/v2\/pages\/14605\/revisions\/14606"}],"wp:attachment":[{"href":"https:\/\/eglise-visitation-dijon.net\/w3\/wp-json\/wp\/v2\/media?parent=14605"}],"curies":[{"name":"wp","href":"https:\/\/api.w.org\/{rel}","templated":true}]}}