{"id":14608,"date":"2026-02-07T12:29:36","date_gmt":"2026-02-07T11:29:36","guid":{"rendered":"https:\/\/eglise-visitation-dijon.net\/w3\/?page_id=14608"},"modified":"2026-02-07T12:37:41","modified_gmt":"2026-02-07T11:37:41","slug":"initiation-chretienne","status":"publish","type":"page","link":"https:\/\/eglise-visitation-dijon.net\/w3\/initiation-chretienne\/","title":{"rendered":"Initiation chr\u00e9tienne"},"content":{"rendered":"\n<p><\/p>\n\n\n\n<h4 class=\"wp-block-heading\">Vous \u00eates un enfant, un jeune ou un adulte<\/h4>\n\n\n\n<p>En recherche du sens \u00e0 donner \u00e0 votre vie \u2026 En recherche de Dieu \u2026 D\u00e9couvrir ou red\u00e9couvrir le christianisme, r\u00e9fl\u00e9chir \u00e0 ce qu\u2019est la foi, recevoir le bapt\u00eame, \u00eatre confirm\u00e9.<\/p>\n\n\n\n<h4 class=\"wp-block-heading\">Il est possible d&rsquo;en parler !<\/h4>\n\n\n\n<p>A un Chr\u00e9tien que vous connaissez et qui vous mettra en relation avec une paroisse ou \u00e0 un Pr\u00eatre qui pourra vous accueillir et vous proposer des moyens pour<\/p>\n\n\n\n<p>D\u00e9couvrir ce DIEU d\u2019Amour auquel croient les chr\u00e9tiens,<\/p>\n\n\n\n<p>Rencontrer J\u00e9sus-Christ dans l\u2019\u00e9vangile,<\/p>\n\n\n\n<p>Devenir chr\u00e9tien en \u00c9GLISE par les sacrements du Bapt\u00eame, de la confirmation et de l\u2019Eucharistie,<\/p>\n\n\n\n<p>D\u00e9couvrir le sens de la pri\u00e8re\u2026<\/p>\n\n\n\n<h4 class=\"wp-block-heading\">Cela peut prendre du temps<\/h4>\n\n\n\n<p>Le temps d\u2019une aventure, le temps d\u2019un chemin \u00e0 parcourir. Vous ne serez pas seul, vous serez accueilli et accompagn\u00e9 personnellement. On ne devient pas chr\u00e9tien tout seul, vous d\u00e9couvrirez ce qu\u2019est la vie fraternelle \u00ab en l\u2019\u00c9glise \u00bb.<\/p>\n\n\n\n<h4 class=\"wp-block-heading\"><a href=\"https:\/\/eglise-visitation-dijon.net\/w3\/bapteme\/\" data-type=\"page\" data-id=\"198\">Bapt\u00eame des enfants<\/a><\/h4>\n\n\n\n<h4 class=\"wp-block-heading\"><a href=\"https:\/\/eglise-visitation-dijon.net\/w3\/aumonerie-college-lycee\/\" data-type=\"page\" data-id=\"239\">Bapt\u00eame des jeunes<\/a><\/h4>\n\n\n\n<h4 class=\"wp-block-heading\">Bapt\u00eame des adultes<\/h4>\n\n\n\n<p>Veuillez vous adresser au secr\u00e9tariat de la paroisse (03 80 30 65 24) ou \u00e0 l\u2019accueil pour prendre rendez-vous avec un pr\u00eatre.<\/p>\n","protected":false},"excerpt":{"rendered":"<p>Vous \u00eates un enfant, un jeune ou un adulte En recherche du sens \u00e0 donner \u00e0 votre vie \u2026 En recherche de Dieu \u2026 D\u00e9couvrir ou red\u00e9couvrir le christianisme, r\u00e9fl\u00e9chir&#8230;<\/p>\n","protected":false},"author":4,"featured_media":0,"parent":0,"menu_order":0,"comment_status":"closed","ping_status":"closed","template":"","meta":{"footnotes":""},"class_list":["post-14608","page","type-page","status-publish","hentry"],"_links":{"self":[{"href":"https:\/\/eglise-visitation-dijon.net\/w3\/wp-json\/wp\/v2\/pages\/14608","targetHints":{"allow":["GET"]}}],"collection":[{"href":"https:\/\/eglise-visitation-dijon.net\/w3\/wp-json\/wp\/v2\/pages"}],"about":[{"href":"https:\/\/eglise-visitation-dijon.net\/w3\/wp-json\/wp\/v2\/types\/page"}],"author":[{"embeddable":true,"href":"https:\/\/eglise-visitation-dijon.net\/w3\/wp-json\/wp\/v2\/users\/4"}],"replies":[{"embeddable":true,"href":"https:\/\/eglise-visitation-dijon.net\/w3\/wp-json\/wp\/v2\/comments?post=14608"}],"version-history":[{"count":2,"href":"https:\/\/eglise-visitation-dijon.net\/w3\/wp-json\/wp\/v2\/pages\/14608\/revisions"}],"predecessor-version":[{"id":14616,"href":"https:\/\/eglise-visitation-dijon.net\/w3\/wp-json\/wp\/v2\/pages\/14608\/revisions\/14616"}],"wp:attachment":[{"href":"https:\/\/eglise-visitation-dijon.net\/w3\/wp-json\/wp\/v2\/media?parent=14608"}],"curies":[{"name":"wp","href":"https:\/\/api.w.org\/{rel}","templated":true}]}}