{"id":198,"date":"2019-02-11T13:21:48","date_gmt":"2019-02-11T13:21:48","guid":{"rendered":"http:\/\/127.0.0.1:10080\/wordpress\/?page_id=198"},"modified":"2025-10-02T17:12:42","modified_gmt":"2025-10-02T15:12:42","slug":"bapteme","status":"publish","type":"page","link":"https:\/\/eglise-visitation-dijon.net\/w3\/bapteme\/","title":{"rendered":"Bapt\u00eame"},"content":{"rendered":"\n<h2 class=\"wp-block-heading has-vivid-red-color has-text-color\">Le Sacrement du Bapt\u00eame<\/h2>\n\n\n\n<ul class=\"wp-block-list has-black-color has-text-color has-medium-font-size\">\n<li><strong>Pour les plus petits <\/strong>: Une rencontre en trois \u00e9tapes vous est propos\u00e9e (voir ci-dessous). En fonction de la date pr\u00e9vue du bapt\u00eame, merci de respecter les dates du calendrier des rencontres.<\/li>\n<\/ul>\n\n\n\n<blockquote class=\"wp-block-quote is-layout-flow wp-block-quote-is-layout-flow\">\n<p class=\"has-black-color has-text-color has-medium-font-size\"><strong>Informations pratiques<\/strong><\/p>\n\n\n\n<ul class=\"wp-block-list has-black-color has-text-color has-medium-font-size\">\n<li><a href=\"https:\/\/eglise-visitation-dijon.net\/w3\/wp-content\/uploads\/2025\/10\/2025-10-01-Calendrier-baptemes-2025-2026.pdf\">Le calendrier des rencontres 2025-2026<\/a>\u00a0 (pdf)<\/li>\n\n\n\n<li><a href=\"https:\/\/eglise-visitation-dijon.net\/w3\/wp-content\/uploads\/2024\/10\/Preparation-Bapteme-2021.pdf\" target=\"_blank\" rel=\"noreferrer noopener\">Le d\u00e9roulement des r\u00e9unions de pr\u00e9paration<\/a>&nbsp;&nbsp; (pdf)<\/li>\n\n\n\n<li><a href=\"https:\/\/eglise-visitation-dijon.net\/w3\/wp-content\/uploads\/2024\/10\/Inscription-Bapteme-2020.pdf\">La fiche d&rsquo;inscription<\/a>&nbsp; (pdf)<\/li>\n<\/ul>\n\n\n\n<p class=\"has-black-color has-text-color has-medium-font-size\"><strong>Liste des pi\u00e8ces \u00e0 fournir<\/strong><\/p>\n\n\n\n<ol class=\"wp-block-list has-black-color has-text-color has-medium-font-size\">\n<li>La fiche d&rsquo;inscription compl\u00e9t\u00e9e et sign\u00e9e des deux parents.<\/li>\n\n\n\n<li>Un extrait d\u2019acte de naissance de l\u2019enfant (Mairie du lieu de naissance).<\/li>\n\n\n\n<li>Un certificat de bapt\u00eame de la marraine et\/ou du parrain.<\/li>\n<\/ol>\n<\/blockquote>\n\n\n\n<ul class=\"wp-block-list has-black-color has-text-color has-medium-font-size\">\n<li><strong>Pour les enfants plus grands <\/strong>: Il est important de les inscrire \u00e0 <a href=\"https:\/\/eglise-visitation-dijon.net\/w3\/eveil-a-la-foi-maternelle-ce1\/\">l\u2019\u00e9veil \u00e0 la foi<\/a> ou au <a href=\"https:\/\/eglise-visitation-dijon.net\/w3\/cate-primaire-a-partir-du-ce2\/\">cat\u00e9chisme<\/a>, o\u00f9 ils se pr\u00e9pareront progressivement au bapt\u00eame. \u00ab\u00a0Pour choisir, il faut conna\u00eetre.\u00a0\u00bb<\/li>\n\n\n\n<li><strong>Pour les adultes<\/strong> : Veuillez vous adresser au secr\u00e9tariat de la paroisse (03 80 30 65 24) ou \u00e0 <a href=\"https:\/\/eglise-visitation-dijon.net\/w3\/permanences\/\">l&rsquo;accueil<\/a> pour prendre rendez-vous avec un <a href=\"https:\/\/eglise-visitation-dijon.net\/w3\/pretres-et-diacres\/\">pr\u00eatre<\/a> ou la responsable de l\u2019\u00e9quipe de pr\u00e9paration au bapt\u00eame adulte.<\/li>\n<\/ul>\n\n\n\n<div style=\"height:50px\" aria-hidden=\"true\" class=\"wp-block-spacer\"><\/div>\n\n\n\n<h2 class=\"wp-block-heading has-vivid-red-color has-text-color has-large-font-size\">Baptiser un petit enfant \u00e0 La Visitation<\/h2>\n\n\n\n<p class=\"has-black-color has-text-color has-medium-font-size\">Depuis plusieurs ann\u00e9es, notre \u00e9quipe \u00ab bapt\u00eame \u00bb, compos\u00e9e de : Florence, Martine, Janny, L\u00e9\u00cfla, Martine, Nicolas, Patrice, le p\u00e8re J\u00e9r\u00f4me propose aux parents qui souhaitent faire baptiser un petit enfant de se retrouver un samedi apr\u00e8s-midi de 14h \u00e0 18h. Notre \u00c9glise accueille les demandes des parents en \u00e9tant ouverte et en respectant la vie, le cheminement de chacun.<\/p>\n\n\n\n<p class=\"has-black-color has-text-color has-medium-font-size\">Nous accueillons ainsi d&rsquo;octobre \u00e0 juin environ 8 familles par rencontre. Nous leur proposons un apr\u00e8s-midi de r\u00e9flexion qui se d\u00e9coupe en <strong><a href=\"https:\/\/eglise-visitation-dijon.net\/w3\/wp-content\/uploads\/2024\/10\/Preparation-Bapteme-2021.pdf\" target=\"_blank\" rel=\"noreferrer noopener\">trois grands moments<\/a><\/strong>.<\/p>\n\n\n\n<h6 class=\"wp-block-heading has-vivid-red-color has-text-color has-medium-font-size\">Accueil<\/h6>\n\n\n\n<p class=\"has-black-color has-text-color has-medium-font-size\">Dans un premier temps, chacun est invit\u00e9 \u00e0 se pr\u00e9senter et \u00e0 \u00e9changer autour de la naissance de son enfant. Les parents expriment leurs joies, leur \u00e9merveillement devant l\u2019\u00e9veil d\u2019un tout-petit et parfois aussi les soucis rencontr\u00e9s, tout ce que l\u2019arriv\u00e9e d\u2019un enfant change dans la vie d\u2019un couple ou d\u2019une famille.<\/p>\n\n\n\n<p class=\"has-black-color has-text-color has-medium-font-size\">Nous proposons ensuite une r\u00e9flexion sur la demande de bapt\u00eame. Pourquoi entreprendre cette d\u00e9marche ? Que repr\u00e9sente le bapt\u00eame ? Il est int\u00e9ressant d\u2019entendre s\u2019exprimer des parents qui inscrivent cette d\u00e9marche dans la tradition familiale, mais aussi dans une recherche de Foi et de vie d\u2019\u00c9glise.<\/p>\n\n\n\n<p class=\"has-black-color has-text-color has-medium-font-size\">Certains sont tr\u00e8s marqu\u00e9s par ce qu\u2019ils ont pu vivre en famille ou par leurs ann\u00e9es de cat\u00e9chisme. D\u2019autres regrettent de n\u2019avoir pas re\u00e7u d\u2019\u00e9ducation religieuse et semblent heureux d\u2019entendre et de d\u00e9couvrir la vie de l\u2019\u00c9glise.<\/p>\n\n\n\n<p class=\"has-black-color has-text-color has-medium-font-size\">Ce temps d\u2019accueil se termine autour d\u2019une boisson offerte qui permet des \u00e9changes plus personnels.<\/p>\n\n\n\n<h6 class=\"wp-block-heading has-vivid-red-color has-text-color has-medium-font-size\">Approfondissement<\/h6>\n\n\n\n<p class=\"has-black-color has-text-color has-medium-font-size\">L\u2019apr\u00e8s-midi se poursuit par la proposition d\u2019un temps d\u2019approfondissement autour d&rsquo;une vid\u00e9o sur l&rsquo;histoire et le sens du bapt\u00eame.<\/p>\n\n\n\n<h6 class=\"wp-block-heading has-vivid-red-color has-text-color has-medium-font-size\">Pr\u00e9paration de la c\u00e9l\u00e9bration<\/h6>\n\n\n\n<p class=\"has-black-color has-text-color has-medium-font-size\">Le troisi\u00e8me temps commence \u00e0 l\u2019\u00e9glise&nbsp;: d\u00e9couverte du lieu, pr\u00e9sentation des gestes et des symboles du bapt\u00eame, puis pr\u00e9paration de la c\u00e9l\u00e9bration du bapt\u00eame \u00e0 l\u2019aide d\u2019un livret.<\/p>\n\n\n\n<div style=\"height:20px\" aria-hidden=\"true\" class=\"wp-block-spacer\"><\/div>\n\n\n\n<h2 class=\"wp-block-heading\">Textes et chants pour bapt\u00eame<\/h2>\n\n\n\n<blockquote class=\"wp-block-quote is-layout-flow wp-block-quote-is-layout-flow\">\n<p class=\"has-black-color has-text-color\">Textes Bibliques : <a rel=\"noreferrer noopener\" href=\"https:\/\/eglise-visitation-dijon.net\/w3\/textes-bibliques-pour-bapteme\/\" target=\"_blank\">afficher<\/a><\/p>\n\n\n\n<p class=\"has-black-color has-text-color\">Textes profanes et chants : <a rel=\"noreferrer noopener\" href=\"https:\/\/eglise-visitation-dijon.net\/w3\/textes-profanes-et-chants-pour-bapteme\/\" target=\"_blank\">afficher<\/a><\/p>\n\n\n\n<p class=\"has-black-color has-text-color has-medium-font-size\"><a rel=\"noreferrer noopener\" href=\"http:\/\/eglise-visitation-dijon.net\/w2\/docs\/Textes-pour-bapteme.pdf\" target=\"_blank\">Autres titres \u00e0 rechercher sur Internet &#8230;<\/a><\/p>\n<\/blockquote>\n\n\n\n<div style=\"height:20px\" aria-hidden=\"true\" class=\"wp-block-spacer\"><\/div>\n\n\n\n<blockquote class=\"wp-block-quote is-layout-flow wp-block-quote-is-layout-flow\">\n<p class=\"has-black-color has-text-color has-medium-font-size\"><em>\u00abLe bapt\u00eame est le sacrement sur lequel se fonde notre foi et qui nous greffe, comme membre vivant, sur le Christ et son \u00c9glise. (Pape Fran\u00e7ois).\u00bb<\/em><\/p>\n<\/blockquote>\n","protected":false},"excerpt":{"rendered":"<p>Le Sacrement du Bapt\u00eame Baptiser un petit enfant \u00e0 La Visitation Depuis plusieurs ann\u00e9es, notre \u00e9quipe \u00ab bapt\u00eame \u00bb, compos\u00e9e de : Florence, Martine, Janny, L\u00e9\u00cfla, Martine, Nicolas, Patrice, le&#8230;<\/p>\n","protected":false},"author":1,"featured_media":13844,"parent":0,"menu_order":0,"comment_status":"closed","ping_status":"closed","template":"","meta":{"footnotes":""},"class_list":["post-198","page","type-page","status-publish","has-post-thumbnail","hentry"],"_links":{"self":[{"href":"https:\/\/eglise-visitation-dijon.net\/w3\/wp-json\/wp\/v2\/pages\/198","targetHints":{"allow":["GET"]}}],"collection":[{"href":"https:\/\/eglise-visitation-dijon.net\/w3\/wp-json\/wp\/v2\/pages"}],"about":[{"href":"https:\/\/eglise-visitation-dijon.net\/w3\/wp-json\/wp\/v2\/types\/page"}],"author":[{"embeddable":true,"href":"https:\/\/eglise-visitation-dijon.net\/w3\/wp-json\/wp\/v2\/users\/1"}],"replies":[{"embeddable":true,"href":"https:\/\/eglise-visitation-dijon.net\/w3\/wp-json\/wp\/v2\/comments?post=198"}],"version-history":[{"count":39,"href":"https:\/\/eglise-visitation-dijon.net\/w3\/wp-json\/wp\/v2\/pages\/198\/revisions"}],"predecessor-version":[{"id":14115,"href":"https:\/\/eglise-visitation-dijon.net\/w3\/wp-json\/wp\/v2\/pages\/198\/revisions\/14115"}],"wp:featuredmedia":[{"embeddable":true,"href":"https:\/\/eglise-visitation-dijon.net\/w3\/wp-json\/wp\/v2\/media\/13844"}],"wp:attachment":[{"href":"https:\/\/eglise-visitation-dijon.net\/w3\/wp-json\/wp\/v2\/media?parent=198"}],"curies":[{"name":"wp","href":"https:\/\/api.w.org\/{rel}","templated":true}]}}