{"id":200,"date":"2019-02-11T13:22:13","date_gmt":"2019-02-11T13:22:13","guid":{"rendered":"http:\/\/127.0.0.1:10080\/wordpress\/?page_id=200"},"modified":"2025-07-12T11:03:39","modified_gmt":"2025-07-12T09:03:39","slug":"confirmation","status":"publish","type":"page","link":"https:\/\/eglise-visitation-dijon.net\/w3\/confirmation\/","title":{"rendered":"Confirmation"},"content":{"rendered":"\n<h2 class=\"wp-block-heading\">Le Sacrement de Confirmation<\/h2>\n\n\n\n<p>Comme le bapt\u00eame, la confirmation imprime dans le chr\u00e9tien une marque ind\u00e9l\u00e9bile (c\u2019est ce que l\u2019on appelle le \u00ab&nbsp;caract\u00e8re&nbsp;\u00bb). Ce <a href=\"https:\/\/eglise.catholique.fr\/glossaire\/sacrement\/\">sacrement<\/a> ne peut donc \u00eatre re\u00e7u qu\u2019une seule fois. Dans l\u2019\u00c9glise catholique, on le re\u00e7oit apr\u00e8s l\u2019\u00e2ge de raison. C\u2019est l\u2019\u00e9v\u00eaque qui, de mani\u00e8re ordinaire, c\u00e9l\u00e8bre ce <a href=\"https:\/\/eglise.catholique.fr\/glossaire\/sacrement\/\">sacrement<\/a> : il manifeste ainsi le lien avec le don de l\u2019Esprit aux ap\u00f4tres au jour de la <a href=\"https:\/\/eglise.catholique.fr\/glossaire\/pentecote\/\">Pentec\u00f4te<\/a> et la place des confirm\u00e9s dans la communion de toute l\u2019\u00c9glise. C\u2019est lui qui r\u00e9alise l\u2019imposition des mains.<\/p>\n\n\n\n<blockquote class=\"wp-block-quote is-layout-flow wp-block-quote-is-layout-flow\">\n<p>\u00ab&nbsp;<em>Celui qui nous rend solides pour le Christ dans nos relations avec vous, celui qui nous a consacr\u00e9s, c\u2019est Dieu ; il nous a marqu\u00e9s de son sceau, et il a mis dans nos c\u0153urs l\u2019Esprit, premi\u00e8re avance sur ses dons.<\/em> \u00bb (2 Co 1, 21-22)<\/p>\n<\/blockquote>\n\n\n\n<p>C\u2019est avec une huile parfum\u00e9e, le Saint Chr\u00eame, que l\u2019\u00e9v\u00eaque marque le front de chaque confirmand. Comme cette huile r\u00e9pand une bonne odeur, chacun est appel\u00e9, par l\u2019\u00e9lan et la joie de sa vie, \u00e0 r\u00e9pandre la bonne odeur du Christ, \u00e0 \u00eatre un t\u00e9moin authentique du Ressuscit\u00e9, afin que le corps du Christ s\u2019\u00e9difie dans la foi au Dieu, P\u00e8re, Fils et Esprit, et l\u2019amour des hommes et du monde. Le confirm\u00e9 porte alors joyeusement la responsabilit\u00e9 de faire conna\u00eetre aux hommes et au monde l\u2019amour dont ils sont aim\u00e9s.<\/p>\n\n\n\n<blockquote class=\"wp-block-quote is-layout-flow wp-block-quote-is-layout-flow\">\n<p>\u00ab&nbsp;<em>Sois marqu\u00e9 de l\u2019<a href=\"https:\/\/eglise.catholique.fr\/glossaire\/esprit-saint\/\">Esprit Saint<\/a>, le don de Dieu<\/em>&nbsp;\u00bb<\/p>\n<\/blockquote>\n\n\n\n<p>La pr\u00e9paration \u00e0 la confirmation doit viser \u00e0 conduire le chr\u00e9tien vers une union plus intime au Christ, vers une familiarit\u00e9 plus vive avec l\u2019<a href=\"https:\/\/eglise.catholique.fr\/glossaire\/esprit-saint\/\">Esprit Saint<\/a>, son action, ses dons et ses appels, afin de pouvoir mieux assumer les responsabilit\u00e9s de la vie chr\u00e9tienne.<\/p>\n\n\n\n<p><em><strong>Source :<\/strong> \u00c9glise Catholique de France<\/em><\/p>\n\n\n\n<p><\/p>\n\n\n\n<p><b>Pour la confirmation des jeunes<\/b>,<br>vous trouverez plus de renseignements dans la <a href=\"https:\/\/eglise-visitation-dijon.net\/w3\/aumonerie-college-lycee\/\">rubrique Aum\u00f4nerie<\/a><\/p>\n\n\n\n<p><b>Adultes<\/b>, vous choisissez d&rsquo;\u00eatre confirm\u00e9.<\/p>\n\n\n\n<p>Contactez le p\u00e8re J\u00e9r\u00f4me Richon ou le <a href=\"https:\/\/eglise-visitation-dijon.net\/w3\/permanences\/\">secr\u00e9tariat paroissial<\/a> au 03 80 30 65 24<\/p>\n","protected":false},"excerpt":{"rendered":"<p>Le Sacrement de Confirmation Comme le bapt\u00eame, la confirmation imprime dans le chr\u00e9tien une marque ind\u00e9l\u00e9bile (c\u2019est ce que l\u2019on appelle le \u00ab&nbsp;caract\u00e8re&nbsp;\u00bb). Ce sacrement ne peut donc \u00eatre re\u00e7u&#8230;<\/p>\n","protected":false},"author":1,"featured_media":13848,"parent":0,"menu_order":0,"comment_status":"closed","ping_status":"closed","template":"","meta":{"footnotes":""},"class_list":["post-200","page","type-page","status-publish","has-post-thumbnail","hentry"],"_links":{"self":[{"href":"https:\/\/eglise-visitation-dijon.net\/w3\/wp-json\/wp\/v2\/pages\/200","targetHints":{"allow":["GET"]}}],"collection":[{"href":"https:\/\/eglise-visitation-dijon.net\/w3\/wp-json\/wp\/v2\/pages"}],"about":[{"href":"https:\/\/eglise-visitation-dijon.net\/w3\/wp-json\/wp\/v2\/types\/page"}],"author":[{"embeddable":true,"href":"https:\/\/eglise-visitation-dijon.net\/w3\/wp-json\/wp\/v2\/users\/1"}],"replies":[{"embeddable":true,"href":"https:\/\/eglise-visitation-dijon.net\/w3\/wp-json\/wp\/v2\/comments?post=200"}],"version-history":[{"count":5,"href":"https:\/\/eglise-visitation-dijon.net\/w3\/wp-json\/wp\/v2\/pages\/200\/revisions"}],"predecessor-version":[{"id":13850,"href":"https:\/\/eglise-visitation-dijon.net\/w3\/wp-json\/wp\/v2\/pages\/200\/revisions\/13850"}],"wp:featuredmedia":[{"embeddable":true,"href":"https:\/\/eglise-visitation-dijon.net\/w3\/wp-json\/wp\/v2\/media\/13848"}],"wp:attachment":[{"href":"https:\/\/eglise-visitation-dijon.net\/w3\/wp-json\/wp\/v2\/media?parent=200"}],"curies":[{"name":"wp","href":"https:\/\/api.w.org\/{rel}","templated":true}]}}