{"id":202,"date":"2019-02-11T13:22:36","date_gmt":"2019-02-11T13:22:36","guid":{"rendered":"http:\/\/127.0.0.1:10080\/wordpress\/?page_id=202"},"modified":"2025-10-03T08:37:13","modified_gmt":"2025-10-03T06:37:13","slug":"mariage","status":"publish","type":"page","link":"https:\/\/eglise-visitation-dijon.net\/w3\/mariage\/","title":{"rendered":"Mariage"},"content":{"rendered":"\n<h2 class=\"wp-block-heading\"><mark style=\"background-color:rgba(0, 0, 0, 0)\" class=\"has-inline-color has-vivid-red-color\">Le Sacrement du Mariage<\/mark><\/h2>\n\n\n\n<p class=\"has-text-color\" style=\"color:#13115b\">Le mariage est l\u2019alliance entre un homme et une femme unis par un m\u00eame amour. Dans cette alliance se r\u00e9v\u00e8le le plus pleinement l\u2019histoire des alliances entre Dieu et l\u2019humanit\u00e9 scell\u00e9e dans l\u2019amour du Christ qui a donn\u00e9 sa vie pour nous. Le <a href=\"https:\/\/eglise.catholique.fr\/glossaire\/sacrement\/\">sacrement<\/a> de mariage sanctifie l\u2019union d\u2019un homme et d\u2019une femme et situe l\u2019amour des \u00e9poux au c\u0153ur de l\u2019amour de Dieu pour l\u2019humanit\u00e9.<\/p>\n\n\n\n<p class=\"has-text-color\" style=\"color:#13115b\">C\u2019est un engagement pris devant Dieu. La dignit\u00e9 de cet engagement s\u2019articule sur les quatre piliers que scelle l\u2019\u00e9change des consentements&nbsp;: la libert\u00e9, la fid\u00e9lit\u00e9, l\u2019indissolubilit\u00e9 et la f\u00e9condit\u00e9. Chacun des fianc\u00e9s doit \u00eatre pleinement libre au moment de son engagement. Les conjoints se promettent fid\u00e9lit\u00e9, et cette promesse est source de confiance r\u00e9ciproque.<\/p>\n\n\n\n<p><strong>Source :<\/strong> \u00c9glise Catholique de France<\/p>\n\n\n\n<h2 class=\"wp-block-heading\"><strong>Vous voulez vous marier \u00e0 l&rsquo;\u00e9glise ? <\/strong><\/h2>\n\n\n\n<p>La paroisse, en relation avec le Centre de Pr\u00e9paration au Mariage (C.P.M.), vous propose de faire une pause dans le tumulte du quotidien et de prendre une journ\u00e9e pour r\u00e9fl\u00e9chir \u00e0 votre engagement et approfondir votre r\u00e9flexion sur la vie \u00e0 deux, la famille, la dimension humaine et chr\u00e9tienne de votre engagement, avec d\u2019autres couples qui souhaitent se marier.<\/p>\n\n\n\n<p>La pr\u00e9paration de la c\u00e9l\u00e9bration se fera plus tard, avec le pr\u00eatre ou le diacre qui c\u00e9l\u00e8brera votre mariage.<\/p>\n\n\n\n<h4 class=\"wp-block-heading has-text-align-center\"><mark style=\"background-color:rgba(0, 0, 0, 0)\" class=\"has-inline-color has-vivid-red-color\"><strong>Dates des pr\u00e9parations au Mariage \u00e0 La Visitation<\/strong><\/mark><\/h4>\n\n\n\n<p class=\"has-text-align-center\"><strong>Ann\u00e9e 2025 \u2013 2026<\/strong><\/p>\n\n\n\n<p class=\"has-text-align-center\">16 Novembre 2025<\/p>\n\n\n\n<p class=\"has-text-align-center\">15 Mars 2026<\/p>\n\n\n\n<p class=\"has-text-align-center\">De 9h30 \u00e0 17h00<\/p>\n\n\n\n<p class=\"has-text-align-center\">Repas partag\u00e9.<\/p>\n\n\n\n<p class=\"has-text-align-center\">Inscription au secr\u00e9tariat de la Visitation : le plus rapidement possible au : 03 80 30 65 24<\/p>\n\n\n\n<p><\/p>\n","protected":false},"excerpt":{"rendered":"<p>Le Sacrement du Mariage Le mariage est l\u2019alliance entre un homme et une femme unis par un m\u00eame amour. Dans cette alliance se r\u00e9v\u00e8le le plus pleinement l\u2019histoire des alliances&#8230;<\/p>\n","protected":false},"author":1,"featured_media":13852,"parent":0,"menu_order":0,"comment_status":"closed","ping_status":"closed","template":"","meta":{"footnotes":""},"class_list":["post-202","page","type-page","status-publish","has-post-thumbnail","hentry"],"_links":{"self":[{"href":"https:\/\/eglise-visitation-dijon.net\/w3\/wp-json\/wp\/v2\/pages\/202","targetHints":{"allow":["GET"]}}],"collection":[{"href":"https:\/\/eglise-visitation-dijon.net\/w3\/wp-json\/wp\/v2\/pages"}],"about":[{"href":"https:\/\/eglise-visitation-dijon.net\/w3\/wp-json\/wp\/v2\/types\/page"}],"author":[{"embeddable":true,"href":"https:\/\/eglise-visitation-dijon.net\/w3\/wp-json\/wp\/v2\/users\/1"}],"replies":[{"embeddable":true,"href":"https:\/\/eglise-visitation-dijon.net\/w3\/wp-json\/wp\/v2\/comments?post=202"}],"version-history":[{"count":13,"href":"https:\/\/eglise-visitation-dijon.net\/w3\/wp-json\/wp\/v2\/pages\/202\/revisions"}],"predecessor-version":[{"id":14118,"href":"https:\/\/eglise-visitation-dijon.net\/w3\/wp-json\/wp\/v2\/pages\/202\/revisions\/14118"}],"wp:featuredmedia":[{"embeddable":true,"href":"https:\/\/eglise-visitation-dijon.net\/w3\/wp-json\/wp\/v2\/media\/13852"}],"wp:attachment":[{"href":"https:\/\/eglise-visitation-dijon.net\/w3\/wp-json\/wp\/v2\/media?parent=202"}],"curies":[{"name":"wp","href":"https:\/\/api.w.org\/{rel}","templated":true}]}}