{"id":237,"date":"2019-02-11T14:32:49","date_gmt":"2019-02-11T14:32:49","guid":{"rendered":"http:\/\/127.0.0.1:10080\/wordpress\/?page_id=237"},"modified":"2025-10-09T09:14:57","modified_gmt":"2025-10-09T07:14:57","slug":"eveil-a-la-foi-maternelle-ce1","status":"publish","type":"page","link":"https:\/\/eglise-visitation-dijon.net\/w3\/eveil-a-la-foi-maternelle-ce1\/","title":{"rendered":"\u00c9veil \u00e0 la foi"},"content":{"rendered":"\n<h2 class=\"wp-block-heading\">Pour les enfants de maternelle, CP, CE1<br>et leurs parents<\/h2>\n\n\n<div class=\"wp-block-image\">\n<figure class=\"alignleft\"><img loading=\"lazy\" decoding=\"async\" width=\"803\" height=\"250\" src=\"https:\/\/eglise-visitation-dijon.net\/w3\/wp-content\/uploads\/2019\/10\/Eveil-Foi-2019.jpeg\" alt=\"\" class=\"wp-image-3415\" srcset=\"https:\/\/eglise-visitation-dijon.net\/w3\/wp-content\/uploads\/2019\/10\/Eveil-Foi-2019.jpeg 803w, https:\/\/eglise-visitation-dijon.net\/w3\/wp-content\/uploads\/2019\/10\/Eveil-Foi-2019-150x47.jpeg 150w, https:\/\/eglise-visitation-dijon.net\/w3\/wp-content\/uploads\/2019\/10\/Eveil-Foi-2019-300x93.jpeg 300w, https:\/\/eglise-visitation-dijon.net\/w3\/wp-content\/uploads\/2019\/10\/Eveil-Foi-2019-768x239.jpeg 768w\" sizes=\"auto, (max-width: 803px) 100vw, 803px\" \/><\/figure>\n<\/div>\n\n\n<p>L\u2019\u00e9veil \u00e0 la foi propos\u00e9 par la paroisse de la Visitation s\u2019appuie sur l\u2019engagement d\u2019un collectif de b\u00e9n\u00e9voles, form\u00e9 \u00e0 la fois de parents d\u2019enfants participants et de parents r\u00e9f\u00e9rents investis.<\/p>\n\n\n\n<p>Chaque famille est chaleureusement invit\u00e9e \u00e0 rejoindre cette dynamique vivante, o\u00f9 grandir dans la Foi rime avec partage et accompagnement.<\/p>\n\n\n\n<p>Si vous souhaitez inscrire votre enfant \u00e0 l\u2019\u00c9veil \u00e0 la foi. Venez participer \u00e0 la s\u00e9ance de rentr\u00e9e, un moment convivial qui permettra de d\u00e9couvrir le fonctionnement g\u00e9n\u00e9ral, de rencontrer les autres familles, ainsi que de construire le programme de l\u2019ann\u00e9e avec les parents d\u00e9sireux de s\u2019investir.<\/p>\n\n\n\n<p>Ensemble, accompagnons les enfants sur le chemin de la Foi, dans la joie et la confiance.<\/p>\n\n\n\n<h3 class=\"wp-block-heading has-text-align-center\"><mark style=\"background-color:#fcf100\" class=\"has-inline-color\"><strong>S\u00e9ance de Rentr\u00e9e le 12 octobre 2025<\/strong> <strong>\u00e0 l\u2019oratoire de la Visitation de 10h15 \u00e0 11h30<\/strong><\/mark><\/h3>\n\n\n\n<p>Pour le reste de l\u2019ann\u00e9e, une invitation sera adress\u00e9e par mail pr\u00e9cisant le th\u00e8me et des pistes pour commencer \u00e0 r\u00e9fl\u00e9chir \u00e0 la maison. N\u2019h\u00e9sitez pas \u00e0 inviter des familles \u00e0 se joindre \u00e0 nous.<\/p>\n\n\n\n<h2 class=\"wp-block-heading has-text-align-center\">CALENDRIER DES S\u00c9ANCES 2025 \u2013 2026<\/h2>\n\n\n\n<h3 class=\"wp-block-heading has-text-align-center\"><strong>12 octobre &#8211; 30 novembre  <\/strong><\/h3>\n\n\n\n<h3 class=\"wp-block-heading has-text-align-center\"><strong>11 janvier &#8211; 1er mars &#8211; 3 mai.<\/strong><\/h3>\n\n\n\n<p class=\"has-text-align-center\">S\u00e9ances pendant la messe, \u00e0 l\u2019oratoire de 10h15 \u00e0 11h30<\/p>\n\n\n\n<p>Renseignements, accueil de la paroisse : T\u00e9l 03 80 30 65 24.<\/p>\n\n\n\n<p><\/p>\n","protected":false},"excerpt":{"rendered":"<p>Calendrier des rencontres &#8230; Contacts &#8230;<\/p>\n","protected":false},"author":1,"featured_media":0,"parent":0,"menu_order":0,"comment_status":"closed","ping_status":"closed","template":"","meta":{"footnotes":""},"class_list":["post-237","page","type-page","status-publish","hentry"],"_links":{"self":[{"href":"https:\/\/eglise-visitation-dijon.net\/w3\/wp-json\/wp\/v2\/pages\/237","targetHints":{"allow":["GET"]}}],"collection":[{"href":"https:\/\/eglise-visitation-dijon.net\/w3\/wp-json\/wp\/v2\/pages"}],"about":[{"href":"https:\/\/eglise-visitation-dijon.net\/w3\/wp-json\/wp\/v2\/types\/page"}],"author":[{"embeddable":true,"href":"https:\/\/eglise-visitation-dijon.net\/w3\/wp-json\/wp\/v2\/users\/1"}],"replies":[{"embeddable":true,"href":"https:\/\/eglise-visitation-dijon.net\/w3\/wp-json\/wp\/v2\/comments?post=237"}],"version-history":[{"count":38,"href":"https:\/\/eglise-visitation-dijon.net\/w3\/wp-json\/wp\/v2\/pages\/237\/revisions"}],"predecessor-version":[{"id":14131,"href":"https:\/\/eglise-visitation-dijon.net\/w3\/wp-json\/wp\/v2\/pages\/237\/revisions\/14131"}],"wp:attachment":[{"href":"https:\/\/eglise-visitation-dijon.net\/w3\/wp-json\/wp\/v2\/media?parent=237"}],"curies":[{"name":"wp","href":"https:\/\/api.w.org\/{rel}","templated":true}]}}