{"id":238,"date":"2019-02-11T14:33:31","date_gmt":"2019-02-11T14:33:31","guid":{"rendered":"http:\/\/127.0.0.1:10080\/wordpress\/?page_id=238"},"modified":"2025-09-24T17:23:20","modified_gmt":"2025-09-24T15:23:20","slug":"cate-primaire-a-partir-du-ce2","status":"publish","type":"page","link":"https:\/\/eglise-visitation-dijon.net\/w3\/cate-primaire-a-partir-du-ce2\/","title":{"rendered":"Cat\u00e9 primaire (\u00e0 partir du CE2)"},"content":{"rendered":"\n<p>La cat\u00e9ch\u00e8se vise \u00e0 accompagner chaque jeune dans la d\u00e9couverte de la foi chr\u00e9tienne, \u00e0 les initier \u00e0 la vie en \u00c9glise et \u00e0 leur permettre de grandir humainement et spirituellement. Elle s\u2019appuie sur la Parole de Dieu, la pri\u00e8re, la vie fraternelle et l\u2019exp\u00e9rience des sacrements, tout en respectant le rythme et le cheminement de chacune et chacun.<\/p>\n\n\n\n<p>\u00c0 la paroisse de la Visitation, le parcours de cat\u00e9ch\u00e8se s\u2019\u00e9chelonne sur trois ans pour les jeunes du CE2 au CM2, afin de pr\u00e9parer la premi\u00e8re communion et le bapt\u00eame pour celles et ceux qui ne l\u2019auraient pas encore re\u00e7u.<\/p>\n\n\n\n<p>Toutefois, comme il peut avoir des parcours diff\u00e9rents, nous sommes \u00e0 l\u2019\u00e9coute des besoins particuliers&nbsp;; n\u2019h\u00e9sitez pas \u00e0 contacter le p\u00e8re J\u00e9r\u00f4me RICHON pour trouver ensemble la solution la mieux adapt\u00e9e \u00e0 votre enfant.<\/p>\n\n\n\n<p>Les enfants inscrits participent \u00e0 des rencontres tous les quinze jours, de septembre \u00e0 juin (hors vacances scolaires), guid\u00e9s par des animateurs b\u00e9n\u00e9voles.<\/p>\n\n\n\n<p>Nous encourageons aussi la pr\u00e9sence r\u00e9guli\u00e8re \u00e0 la messe dominicale, notamment lors des c\u00e9l\u00e9brations sp\u00e9cialement anim\u00e9es pour nos jeunes et leurs familles.<\/p>\n\n\n\n<p>Pour la rentr\u00e9e 2025-2026, la constitution des groupes autour des animateurs b\u00e9n\u00e9voles est en cours<strong>. L\u2019inscription de votre enfant reste possible<\/strong> soit \u00e0 l\u2019accueil de la paroisse pendant les heures d\u2019ouverture, soit en t\u00e9l\u00e9chargeant le bulletin d\u2019inscription et en le d\u00e9posant dans la bo\u00eete aux lettres de la Paroisse.<\/p>\n\n\n\n<p><strong>Nos animateurs pour la p\u00e9riode Sept 2025 \u2013 Juin 2026&nbsp;:<\/strong><\/p>\n\n\n\n<ul class=\"wp-block-list\">\n<li>1ere ann\u00e9e\u00a0: Maryline et Emilie<\/li>\n\n\n\n<li>2<sup>e<\/sup> ann\u00e9e\u00a0: Chlo\u00e9<\/li>\n\n\n\n<li>3<sup>e<\/sup> ann\u00e9e\u00a0: Marielle et Armelle<\/li>\n\n\n\n<li>Groupe des 6<sup>e\u00a0<\/sup>: Judica\u00ebl BALD<\/li>\n\n\n\n<li>Groupe des 5<sup>e\u00a0<\/sup>: Laetitia LAMY<\/li>\n\n\n\n<li>Groupe 4<sup>e<\/sup>\/3<sup>e<\/sup>\/Lyc\u00e9e\u00a0: Caroline BONNEAU<\/li>\n<\/ul>\n\n\n\n<p>Pour d\u00e9couvrir le programme complet et les \u00e9v\u00e9nements \u00e0 venir, consultez r\u00e9guli\u00e8rement l\u2019agenda paroissial sur notre site ainsi que l\u2019\u00c9cho, notre feuille d\u2019information paroissiale&nbsp;!<\/p>\n\n\n\n<p><strong>Besoin d\u2019informations&nbsp;? Contactez l\u2019accueil de la paroisse&nbsp;: T\u00e9l&nbsp;: 03&nbsp;80&nbsp;30&nbsp;65&nbsp;24<\/strong><\/p>\n\n\n\n<p><em>Pour t\u00e9l\u00e9charger le bulletin d\u2019inscription,&nbsp;<a href=\"https:\/\/eglise-visitation-dijon.net\/w3\/wp-content\/uploads\/2025\/09\/bulletin-inscription-catechisme-primaire-new-RGPD.pdf\" data-type=\"attachment\" data-id=\"14021\" target=\"_blank\" rel=\"noreferrer noopener\">cliquez ici<\/a><\/em><\/p>\n\n\n\n<p><\/p>\n","protected":false},"excerpt":{"rendered":"<p>La cat\u00e9ch\u00e8se vise \u00e0 accompagner chaque jeune dans la d\u00e9couverte de la foi chr\u00e9tienne, \u00e0 les initier \u00e0 la vie en \u00c9glise et \u00e0 leur permettre de grandir humainement et&#8230;<\/p>\n","protected":false},"author":1,"featured_media":0,"parent":0,"menu_order":0,"comment_status":"closed","ping_status":"closed","template":"","meta":{"footnotes":""},"class_list":["post-238","page","type-page","status-publish","hentry"],"_links":{"self":[{"href":"https:\/\/eglise-visitation-dijon.net\/w3\/wp-json\/wp\/v2\/pages\/238","targetHints":{"allow":["GET"]}}],"collection":[{"href":"https:\/\/eglise-visitation-dijon.net\/w3\/wp-json\/wp\/v2\/pages"}],"about":[{"href":"https:\/\/eglise-visitation-dijon.net\/w3\/wp-json\/wp\/v2\/types\/page"}],"author":[{"embeddable":true,"href":"https:\/\/eglise-visitation-dijon.net\/w3\/wp-json\/wp\/v2\/users\/1"}],"replies":[{"embeddable":true,"href":"https:\/\/eglise-visitation-dijon.net\/w3\/wp-json\/wp\/v2\/comments?post=238"}],"version-history":[{"count":12,"href":"https:\/\/eglise-visitation-dijon.net\/w3\/wp-json\/wp\/v2\/pages\/238\/revisions"}],"predecessor-version":[{"id":14064,"href":"https:\/\/eglise-visitation-dijon.net\/w3\/wp-json\/wp\/v2\/pages\/238\/revisions\/14064"}],"wp:attachment":[{"href":"https:\/\/eglise-visitation-dijon.net\/w3\/wp-json\/wp\/v2\/media?parent=238"}],"curies":[{"name":"wp","href":"https:\/\/api.w.org\/{rel}","templated":true}]}}