{"id":239,"date":"2019-02-11T14:34:06","date_gmt":"2019-02-11T14:34:06","guid":{"rendered":"http:\/\/127.0.0.1:10080\/wordpress\/?page_id=239"},"modified":"2025-09-24T17:21:53","modified_gmt":"2025-09-24T15:21:53","slug":"aumonerie-college-lycee","status":"publish","type":"page","link":"https:\/\/eglise-visitation-dijon.net\/w3\/aumonerie-college-lycee\/","title":{"rendered":"Aum\u00f4nerie (Coll\u00e8ge &#8211; Lyc\u00e9e)"},"content":{"rendered":"\n<p>Tout au long de l&rsquo;ann\u00e9e, nos jeunes de l\u2019aum\u00f4nerie se retrouvent 2 \u00e0 3 fois par mois avec l&rsquo;animateur de leur groupe, en dehors des vacances scolaires.<\/p>\n\n\n\n<p>L&rsquo;animateur de votre enfant vous communiquera les dates pr\u00e9vues, en fonction de ses disponibilit\u00e9s.<\/p>\n\n\n\n<p>En plus de ces rencontres en groupe, nous invitons les jeunes \u00e0 participer \u00e0 des c\u00e9l\u00e9brations et des animations paroissiales tout au long de l&rsquo;ann\u00e9e scolaire. Ces moments privil\u00e9gi\u00e9s sont l&rsquo;occasion de renforcer les liens au sein de notre communaut\u00e9.<\/p>\n\n\n\n<p>\u00c0 la paroisse de la Visitation, <strong>la Profession de Foi<\/strong> se pr\u00e9pare sur deux ans apr\u00e8s la Premi\u00e8re Communion, durant <strong>les ann\u00e9es de 6\u00e8me et 5\u00e8me<\/strong>. Toutefois, des am\u00e9nagements sont possibles pour certains cas particuliers. N\u2019h\u00e9sitez pas \u00e0 contacter le p\u00e8re J\u00e9r\u00f4me RICHON pour en discuter et trouver la meilleure solution pour votre enfant.<\/p>\n\n\n\n<p>Nous encourageons vivement toutes les familles \u00e0 s&rsquo;impliquer activement dans le parcours spirituel de nos jeunes. Ensemble, nous pouvons cr\u00e9er un environnement chaleureux pour les soutenir dans leur chemin de Foi.<\/p>\n\n\n\n<p>Apr\u00e8s la profession de Foi, l\u2019aum\u00f4nerie continue pour les coll\u00e9giens de 4e-3e et les lyc\u00e9ens. Ils se retrouvent \u00e0 la paroisse avec leur animateur, participent \u00e0 des rassemblements avec d\u2019autres coll\u00e9giens et lyc\u00e9ens du dioc\u00e8se, et rencontrent des t\u00e9moins de notre communaut\u00e9 lors des animations paroissiales.<\/p>\n\n\n\n<p>Ces rencontres leur permettent d\u2019interagir avec des personnes qui vivent leur Foi diff\u00e9remment et ainsi de continuer \u00e0 se construire comme chr\u00e9tiens.<\/p>\n\n\n\n<p>Pour la rentr\u00e9e 2025-2026, la constitution des groupes autour des animateurs b\u00e9n\u00e9voles est en cours<strong>. L\u2019inscription de votre enfant reste possible<\/strong> soit \u00e0 l\u2019accueil de la paroisse pendant les heures d\u2019ouverture, soit en t\u00e9l\u00e9chargeant le bulletin d\u2019inscription et en le d\u00e9posant dans la bo\u00eete aux lettres de la Paroisse.<\/p>\n\n\n\n<p><strong>Nos animateurs pour la p\u00e9riode Sept 2025 \u2013 Juin 2026&nbsp;:<\/strong><\/p>\n\n\n\n<ul class=\"wp-block-list\">\n<li>Groupe des 6<sup>e\u00a0<\/sup>: Judica\u00ebl BALD<\/li>\n\n\n\n<li>Groupe des 5<sup>e\u00a0<\/sup>: Laetitia LAMY<\/li>\n\n\n\n<li>Groupe 4<sup>e<\/sup>\/3<sup>e<\/sup>\/Lyc\u00e9e\u00a0: Caroline BONNEAU<\/li>\n<\/ul>\n\n\n\n<p><strong>Prochaines dates&nbsp;:<\/strong><\/p>\n\n\n\n<p>&#8211; Soir\u00e9e Pizza pour le groupe des 4<sup>e<\/sup>-3<sup>e<\/sup>-lyc\u00e9e le 26 septembre de 19h \u00e0 20h30<\/p>\n\n\n\n<p>&#8211; Marche au Carmel avec les aum\u00f4neries du dioc\u00e8se pour les 6<sup>e<\/sup> et 5<sup>e<\/sup> le 4 octobre de 9h15 \u00e0 17h<\/p>\n\n\n\n<p>&#8211; Journ\u00e9e Accrobranche pour le groupe des 4<sup>e<\/sup>-3<sup>e<\/sup>-lyc\u00e9e le 11 octobre de 11h \u00e0 18h<\/p>\n\n\n\n<p>&#8211; Messe des Famille pour tous le 12 octobre \u00e0 10h30<\/p>\n\n\n\n<p>Pour d\u00e9couvrir le programme complet et les \u00e9v\u00e9nements \u00e0 venir, consultez r\u00e9guli\u00e8rement l\u2019agenda paroissial sur notre site ainsi que l\u2019\u00c9cho, notre feuille d\u2019information paroissiale&nbsp;!<\/p>\n\n\n\n<p>Besoin d\u2019informations&nbsp;? Contactez l\u2019accueil de la paroisse&nbsp;: T\u00e9l&nbsp;: 03&nbsp;80&nbsp;30&nbsp;65&nbsp;24, le coordinateur cat\u00e9ch\u00e8se prendra contact avec vous.<\/p>\n\n\n\n<p><em><a href=\"https:\/\/eglise-visitation-dijon.net\/w3\/wp-content\/uploads\/2025\/09\/bulletin-inscription-aumonerie-new-RGPD.pdf\" data-type=\"attachment\" data-id=\"14020\" target=\"_blank\" rel=\"noreferrer noopener\">Pour t\u00e9l\u00e9charger le bulletin d\u2019inscription,&nbsp;cliquez ici<\/a><\/em><\/p>\n\n\n\n<p><em>Pour tout renseignement sur les inscriptions<\/em><\/p>\n\n\n\n<p><em>Contactez le<\/em><em> secr\u00e9tariat paroissial au 03 80 30 65 24<\/em><\/p>\n\n\n\n<h3 class=\"wp-block-heading\"><mark style=\"background-color:rgba(0, 0, 0, 0)\" class=\"has-inline-color has-vivid-red-color\">Le<\/mark> <a href=\"https:\/\/eglise-visitation-dijon.net\/w3\/confirmation\/\" data-type=\"page\" data-id=\"200\">sacrement de Confirmation<\/a> <mark style=\"background-color:rgba(0, 0, 0, 0)\" class=\"has-inline-color has-vivid-red-color\">pour les jeunes coll\u00e9giens et lyc\u00e9ens.<\/mark><\/h3>\n\n\n\n<p>Ce sacrement est la confirmation du don de l\u2019Esprit Saint re\u00e7u au bapt\u00eame. Il est l\u2019un des trois sacrements qui, avec le bapt\u00eame et l\u2019eucharistie, nous \u00e9tablit dans la vie chr\u00e9tienne. Il est possible de recevoir ce sacrement \u00e0 tout \u00e2ge. C\u2019est \u00e0 chacun de choisir le moment de demander \u00e0 \u00eatre confirm\u00e9, en fonction de son parcours personnel.<\/p>\n\n\n\n<p>Dans notre paroisse, la pr\u00e9paration \u00e0 la confirmation est propos\u00e9e chaque ann\u00e9e aux jeunes coll\u00e9giens et lyc\u00e9ens en parall\u00e8le des s\u00e9ances de leur groupe d\u2019aum\u00f4nerie, dans un groupe ind\u00e9pendant form\u00e9 avec tous les jeunes de la paroisse ayant exprim\u00e9 le m\u00eame souhait.<\/p>\n\n\n\n<p>Pour les jeunes de la Visitation, les confirmations seront c\u00e9l\u00e9br\u00e9es le week-end de l\u2019Ascension dans une des \u00e9glises du doyenn\u00e9.<\/p>\n\n\n\n<figure class=\"wp-block-image size-large\"><img loading=\"lazy\" decoding=\"async\" width=\"1024\" height=\"313\" src=\"https:\/\/eglise-visitation-dijon.net\/w3\/wp-content\/uploads\/2025\/08\/Capture-decran-2025-08-13-a-17.36.32-1024x313.png\" alt=\"\" class=\"wp-image-13959\" srcset=\"https:\/\/eglise-visitation-dijon.net\/w3\/wp-content\/uploads\/2025\/08\/Capture-decran-2025-08-13-a-17.36.32-1024x313.png 1024w, https:\/\/eglise-visitation-dijon.net\/w3\/wp-content\/uploads\/2025\/08\/Capture-decran-2025-08-13-a-17.36.32-300x92.png 300w, https:\/\/eglise-visitation-dijon.net\/w3\/wp-content\/uploads\/2025\/08\/Capture-decran-2025-08-13-a-17.36.32-150x46.png 150w, https:\/\/eglise-visitation-dijon.net\/w3\/wp-content\/uploads\/2025\/08\/Capture-decran-2025-08-13-a-17.36.32-768x235.png 768w, https:\/\/eglise-visitation-dijon.net\/w3\/wp-content\/uploads\/2025\/08\/Capture-decran-2025-08-13-a-17.36.32-196x60.png 196w, https:\/\/eglise-visitation-dijon.net\/w3\/wp-content\/uploads\/2025\/08\/Capture-decran-2025-08-13-a-17.36.32.png 1462w\" sizes=\"auto, (max-width: 1024px) 100vw, 1024px\" \/><\/figure>\n\n\n\n<p><em>Pour tout renseignement contactez le secr\u00e9tariat paroissial au 03 80 30 65 24<\/em><\/p>\n\n\n\n<p><\/p>\n","protected":false},"excerpt":{"rendered":"<p>Tout au long de l&rsquo;ann\u00e9e, nos jeunes de l\u2019aum\u00f4nerie se retrouvent 2 \u00e0 3 fois par mois avec l&rsquo;animateur de leur groupe, en dehors des vacances scolaires. L&rsquo;animateur de votre&#8230;<\/p>\n","protected":false},"author":1,"featured_media":0,"parent":0,"menu_order":0,"comment_status":"closed","ping_status":"closed","template":"","meta":{"footnotes":""},"class_list":["post-239","page","type-page","status-publish","hentry"],"_links":{"self":[{"href":"https:\/\/eglise-visitation-dijon.net\/w3\/wp-json\/wp\/v2\/pages\/239","targetHints":{"allow":["GET"]}}],"collection":[{"href":"https:\/\/eglise-visitation-dijon.net\/w3\/wp-json\/wp\/v2\/pages"}],"about":[{"href":"https:\/\/eglise-visitation-dijon.net\/w3\/wp-json\/wp\/v2\/types\/page"}],"author":[{"embeddable":true,"href":"https:\/\/eglise-visitation-dijon.net\/w3\/wp-json\/wp\/v2\/users\/1"}],"replies":[{"embeddable":true,"href":"https:\/\/eglise-visitation-dijon.net\/w3\/wp-json\/wp\/v2\/comments?post=239"}],"version-history":[{"count":78,"href":"https:\/\/eglise-visitation-dijon.net\/w3\/wp-json\/wp\/v2\/pages\/239\/revisions"}],"predecessor-version":[{"id":14063,"href":"https:\/\/eglise-visitation-dijon.net\/w3\/wp-json\/wp\/v2\/pages\/239\/revisions\/14063"}],"wp:attachment":[{"href":"https:\/\/eglise-visitation-dijon.net\/w3\/wp-json\/wp\/v2\/media?parent=239"}],"curies":[{"name":"wp","href":"https:\/\/api.w.org\/{rel}","templated":true}]}}