{"id":247,"date":"2019-02-11T14:37:10","date_gmt":"2019-02-11T14:37:10","guid":{"rendered":"http:\/\/127.0.0.1:10080\/wordpress\/?page_id=247"},"modified":"2026-01-03T13:53:03","modified_gmt":"2026-01-03T12:53:03","slug":"partage-du-dimanche-adultes","status":"publish","type":"page","link":"https:\/\/eglise-visitation-dijon.net\/w3\/partage-du-dimanche-adultes\/","title":{"rendered":"Partage d\u2019\u00c9vangile"},"content":{"rendered":"\n<h2 class=\"wp-block-heading\"><mark style=\"background-color:rgba(0, 0, 0, 0)\" class=\"has-inline-color has-vivid-red-color\">\u00c9tude de l\u2019un des textes de la liturgie du dimanche<\/mark><\/h2>\n\n\n\n<p><strong>Responsables pour la paroisse<\/strong><br>Marc CORDELIER<\/p>\n\n\n\n<p>Les rencontres se d\u00e9roulent dans une salle paroissiale de La Visitation : Entr\u00e9e \u00e0 gauche du porche de l\u2019\u00e9glise, le dimanche avec \u00ab caf\u00e9, th\u00e9 et croissants \u00bb :<\/p>\n\n\n\n<ul class=\"wp-block-list\">\n<li>Pr\u00e9sentation rapide d\u2019un des textes du dimanche<\/li>\n\n\n\n<li>\u00c9change sur le texte<\/li>\n\n\n\n<li>Parfois, un petit temps d\u2019enseignement<\/li>\n<\/ul>\n\n\n\n<blockquote class=\"wp-block-quote is-layout-flow wp-block-quote-is-layout-flow\">\n<h3 class=\"wp-block-heading\"><mark style=\"background-color:rgba(0, 0, 0, 0)\" class=\"has-inline-color has-vivid-red-color\">Les prochaines dates<\/mark><\/h3>\n<\/blockquote>\n\n\n\n<p class=\"western\">&nbsp;<\/p>\n\n\n\n<figure class=\"wp-block-image size-large\"><img loading=\"lazy\" decoding=\"async\" width=\"1024\" height=\"721\" src=\"https:\/\/eglise-visitation-dijon.net\/w3\/wp-content\/uploads\/2025\/12\/partage-evangile-1024x721.png\" alt=\"\" class=\"wp-image-14462\" srcset=\"https:\/\/eglise-visitation-dijon.net\/w3\/wp-content\/uploads\/2025\/12\/partage-evangile-1024x721.png 1024w, https:\/\/eglise-visitation-dijon.net\/w3\/wp-content\/uploads\/2025\/12\/partage-evangile-300x211.png 300w, https:\/\/eglise-visitation-dijon.net\/w3\/wp-content\/uploads\/2025\/12\/partage-evangile-150x106.png 150w, https:\/\/eglise-visitation-dijon.net\/w3\/wp-content\/uploads\/2025\/12\/partage-evangile-768x541.png 768w, https:\/\/eglise-visitation-dijon.net\/w3\/wp-content\/uploads\/2025\/12\/partage-evangile.png 1296w\" sizes=\"auto, (max-width: 1024px) 100vw, 1024px\" \/><\/figure>\n","protected":false},"excerpt":{"rendered":"<p>\u00c9tude de l\u2019un des textes de la liturgie du dimanche Responsables pour la paroisseMarc CORDELIER Les rencontres se d\u00e9roulent dans une salle paroissiale de La Visitation : Entr\u00e9e \u00e0 gauche&#8230;<\/p>\n","protected":false},"author":1,"featured_media":0,"parent":0,"menu_order":0,"comment_status":"closed","ping_status":"closed","template":"","meta":{"footnotes":""},"class_list":["post-247","page","type-page","status-publish","hentry"],"_links":{"self":[{"href":"https:\/\/eglise-visitation-dijon.net\/w3\/wp-json\/wp\/v2\/pages\/247","targetHints":{"allow":["GET"]}}],"collection":[{"href":"https:\/\/eglise-visitation-dijon.net\/w3\/wp-json\/wp\/v2\/pages"}],"about":[{"href":"https:\/\/eglise-visitation-dijon.net\/w3\/wp-json\/wp\/v2\/types\/page"}],"author":[{"embeddable":true,"href":"https:\/\/eglise-visitation-dijon.net\/w3\/wp-json\/wp\/v2\/users\/1"}],"replies":[{"embeddable":true,"href":"https:\/\/eglise-visitation-dijon.net\/w3\/wp-json\/wp\/v2\/comments?post=247"}],"version-history":[{"count":30,"href":"https:\/\/eglise-visitation-dijon.net\/w3\/wp-json\/wp\/v2\/pages\/247\/revisions"}],"predecessor-version":[{"id":14488,"href":"https:\/\/eglise-visitation-dijon.net\/w3\/wp-json\/wp\/v2\/pages\/247\/revisions\/14488"}],"wp:attachment":[{"href":"https:\/\/eglise-visitation-dijon.net\/w3\/wp-json\/wp\/v2\/media?parent=247"}],"curies":[{"name":"wp","href":"https:\/\/api.w.org\/{rel}","templated":true}]}}