{"id":257,"date":"2019-02-11T14:41:23","date_gmt":"2019-02-11T14:41:23","guid":{"rendered":"http:\/\/127.0.0.1:10080\/wordpress\/?page_id=257"},"modified":"2024-12-08T09:10:34","modified_gmt":"2024-12-08T08:10:34","slug":"repas-solidaires","status":"publish","type":"page","link":"https:\/\/eglise-visitation-dijon.net\/w3\/repas-solidaires\/","title":{"rendered":"Repas solidaires"},"content":{"rendered":"\n<p class=\"has-text-align-center has-medium-font-size\"><span style=\"color: #000000;\">Le service des repas \u00e0 La Visitation a repris le mercredi 25 septembre 2024 en lien avec d&rsquo;autres paroisses de l&rsquo;agglom\u00e9ration dijonnaise.<\/span><\/p>\n\n\n\n<p class=\"has-text-align-center has-black-color has-text-color\">A retrouver dans le soliguide : <a href=\"https:\/\/soliguide.fr\/fr\/search\/dijon-21000\/repas\" target=\"_blank\" rel=\"noreferrer noopener\">https:\/\/soliguide.fr<\/a><\/p>\n\n\n\n<p><\/p>\n\n\n\n<blockquote class=\"wp-block-quote is-layout-flow wp-block-quote-is-layout-flow\">\n<p class=\"has-medium-font-size\">Le groupe Solidarit\u00e9 <strong>invite les demandeurs d&rsquo;asile, les migrants, les personnes en difficult\u00e9 \u00e0 <\/strong>un repas chaud chaque mercredi \u00e0 partir de 11h dans les salles du sous-sol de l\u2019\u00c9glise de La Visitation. <\/p>\n<\/blockquote>\n\n\n\n<p class=\"has-text-align-center has-black-color has-text-color has-medium-font-size\">Inscriptions au service des repas solidaires : <a rel=\"noreferrer noopener\" href=\"https:\/\/lite.framacalc.org\/Rep-Sol-Vis.html\" target=\"_blank\"><em>afficher le tableau<\/em><\/a><\/p>\n\n\n\n<p><\/p>\n\n\n\n<p class=\"has-text-align-center has-black-color has-text-color has-medium-font-size\"><a rel=\"noreferrer noopener\" href=\"https:\/\/eglise-visitation-dijon.net\/w3\/documents-partages-groupe-solidarite\/\" target=\"_blank\">Documents partag\u00e9s<\/a> (acc\u00e8s r\u00e9serv\u00e9 aux b\u00e9n\u00e9voles)<\/p>\n\n\n\n<h4 class=\"wp-block-heading has-medium-font-size\">Images d&rsquo;archive &#8230;<\/h4>\n\n\n\n<p><\/p>\n\n\n\n<p class=\"has-text-align-center has-medium-font-size\">Dimanche 2 octobre 2022 : Messe anim\u00e9e par le Groupe Solidarit\u00e9<\/p>\n\n\n<div class=\"wp-block-image\">\n<figure class=\"aligncenter\"><img loading=\"lazy\" decoding=\"async\" width=\"850\" height=\"478\" src=\"https:\/\/eglise-visitation-dijon.net\/w3\/wp-content\/uploads\/2022\/10\/RS-assemblee.jpg\" alt=\"\" class=\"wp-image-10203\" srcset=\"https:\/\/eglise-visitation-dijon.net\/w3\/wp-content\/uploads\/2022\/10\/RS-assemblee.jpg 850w, https:\/\/eglise-visitation-dijon.net\/w3\/wp-content\/uploads\/2022\/10\/RS-assemblee-300x169.jpg 300w, https:\/\/eglise-visitation-dijon.net\/w3\/wp-content\/uploads\/2022\/10\/RS-assemblee-150x84.jpg 150w, https:\/\/eglise-visitation-dijon.net\/w3\/wp-content\/uploads\/2022\/10\/RS-assemblee-768x432.jpg 768w\" sizes=\"auto, (max-width: 850px) 100vw, 850px\" \/><\/figure>\n<\/div>\n\n\n<p class=\"has-text-align-center\"><\/p>\n\n\n<div class=\"wp-block-image\">\n<figure class=\"aligncenter\"><img loading=\"lazy\" decoding=\"async\" width=\"1503\" height=\"661\" src=\"https:\/\/eglise-visitation-dijon.net\/w3\/wp-content\/uploads\/2022\/10\/RS-prenoms.jpg\" alt=\"\" class=\"wp-image-10204\" srcset=\"https:\/\/eglise-visitation-dijon.net\/w3\/wp-content\/uploads\/2022\/10\/RS-prenoms.jpg 1503w, https:\/\/eglise-visitation-dijon.net\/w3\/wp-content\/uploads\/2022\/10\/RS-prenoms-300x132.jpg 300w, https:\/\/eglise-visitation-dijon.net\/w3\/wp-content\/uploads\/2022\/10\/RS-prenoms-1024x450.jpg 1024w, https:\/\/eglise-visitation-dijon.net\/w3\/wp-content\/uploads\/2022\/10\/RS-prenoms-150x66.jpg 150w, https:\/\/eglise-visitation-dijon.net\/w3\/wp-content\/uploads\/2022\/10\/RS-prenoms-768x338.jpg 768w\" sizes=\"auto, (max-width: 1503px) 100vw, 1503px\" \/><\/figure>\n<\/div>\n\n\n<p class=\"has-text-align-center has-medium-font-size\">Repas solidaires salle Cana \u00e0 La Visitation avant la pand\u00e9mie<\/p>\n\n\n<div class=\"wp-block-image\">\n<figure class=\"aligncenter\"><img loading=\"lazy\" decoding=\"async\" width=\"450\" height=\"226\" src=\"https:\/\/eglise-visitation-dijon.net\/w3\/wp-content\/uploads\/2021\/09\/Repas-Solidaire.jpg\" alt=\"\" class=\"wp-image-8437\" srcset=\"https:\/\/eglise-visitation-dijon.net\/w3\/wp-content\/uploads\/2021\/09\/Repas-Solidaire.jpg 450w, https:\/\/eglise-visitation-dijon.net\/w3\/wp-content\/uploads\/2021\/09\/Repas-Solidaire-300x150.jpg 300w, https:\/\/eglise-visitation-dijon.net\/w3\/wp-content\/uploads\/2021\/09\/Repas-Solidaire-150x75.jpg 150w\" sizes=\"auto, (max-width: 450px) 100vw, 450px\" \/><\/figure>\n<\/div>\n\n\n<p class=\"has-text-align-center\"><\/p>\n\n\n\n<p class=\"has-text-align-center has-medium-font-size\">Livraison de repas le samedi midi \u00e0 l\u2019abri de nuit (ou 115) pendant la p\u00e9riode de restriction des d\u00e9placements<\/p>\n\n\n\n<h4 class=\"wp-block-heading\"><img loading=\"lazy\" decoding=\"async\" class=\" wp-image-7250 aligncenter\" src=\"https:\/\/eglise-visitation-dijon.net\/w3\/wp-content\/uploads\/2020\/12\/Repas-samedi.jpg\" alt=\"\" width=\"450\" height=\"259\" srcset=\"https:\/\/eglise-visitation-dijon.net\/w3\/wp-content\/uploads\/2020\/12\/Repas-samedi.jpg 800w, https:\/\/eglise-visitation-dijon.net\/w3\/wp-content\/uploads\/2020\/12\/Repas-samedi-300x173.jpg 300w, https:\/\/eglise-visitation-dijon.net\/w3\/wp-content\/uploads\/2020\/12\/Repas-samedi-150x86.jpg 150w, https:\/\/eglise-visitation-dijon.net\/w3\/wp-content\/uploads\/2020\/12\/Repas-samedi-768x442.jpg 768w\" sizes=\"auto, (max-width: 450px) 100vw, 450px\" \/><\/h4>\n\n\n\n<p>&nbsp;<\/p>\n\n\n\n<p>&nbsp; &nbsp;&nbsp;<\/p>\n","protected":false},"excerpt":{"rendered":"<p>Le service des repas \u00e0 La Visitation a repris le mercredi 25 septembre 2024 en lien avec d&rsquo;autres paroisses de l&rsquo;agglom\u00e9ration dijonnaise. A retrouver dans le soliguide : https:\/\/soliguide.fr Le&#8230;<\/p>\n","protected":false},"author":1,"featured_media":0,"parent":0,"menu_order":0,"comment_status":"closed","ping_status":"closed","template":"","meta":{"footnotes":""},"class_list":["post-257","page","type-page","status-publish","hentry"],"_links":{"self":[{"href":"https:\/\/eglise-visitation-dijon.net\/w3\/wp-json\/wp\/v2\/pages\/257","targetHints":{"allow":["GET"]}}],"collection":[{"href":"https:\/\/eglise-visitation-dijon.net\/w3\/wp-json\/wp\/v2\/pages"}],"about":[{"href":"https:\/\/eglise-visitation-dijon.net\/w3\/wp-json\/wp\/v2\/types\/page"}],"author":[{"embeddable":true,"href":"https:\/\/eglise-visitation-dijon.net\/w3\/wp-json\/wp\/v2\/users\/1"}],"replies":[{"embeddable":true,"href":"https:\/\/eglise-visitation-dijon.net\/w3\/wp-json\/wp\/v2\/comments?post=257"}],"version-history":[{"count":60,"href":"https:\/\/eglise-visitation-dijon.net\/w3\/wp-json\/wp\/v2\/pages\/257\/revisions"}],"predecessor-version":[{"id":13436,"href":"https:\/\/eglise-visitation-dijon.net\/w3\/wp-json\/wp\/v2\/pages\/257\/revisions\/13436"}],"wp:attachment":[{"href":"https:\/\/eglise-visitation-dijon.net\/w3\/wp-json\/wp\/v2\/media?parent=257"}],"curies":[{"name":"wp","href":"https:\/\/api.w.org\/{rel}","templated":true}]}}