{"id":259,"date":"2019-02-11T14:41:55","date_gmt":"2019-02-11T14:41:55","guid":{"rendered":"http:\/\/127.0.0.1:10080\/wordpress\/?page_id=259"},"modified":"2025-06-30T16:54:19","modified_gmt":"2025-06-30T14:54:19","slug":"secours-catholique","status":"publish","type":"page","link":"https:\/\/eglise-visitation-dijon.net\/w3\/secours-catholique\/","title":{"rendered":"Secours Catholique"},"content":{"rendered":"\n<h5 class=\"wp-block-heading\"><strong>Venez d\u00e9couvrir le \u00ab\u00a0RELAIS DU MONDE\u00a0\u00bb<\/strong><\/h5>\n\n\n\n<blockquote class=\"wp-block-quote is-layout-flow wp-block-quote-is-layout-flow\">\n<p><b>Tous les vendredis de 14h \u00e0 16h30<\/b> &#8211; 2 rue de l&rsquo;\u00e9glise &#8211; QUETIGNY &#8211; 03.80.46.28.07<\/p>\n<\/blockquote>\n\n\n\n<p><i>Un lieu d&rsquo;<b>\u00e9change<\/b>, de <b>partage<\/b> et de <b>discussion<\/b> ouvert principalement \u00e0 tous deux qui souhaitent pratiquer le fran\u00e7ais en toute simplicit\u00e9, et \u00e0 tous ceux qui ont envie de partager un moment de <b>convivialit\u00e9<\/b> ! Nous aurons le plaisir de vous accueillir autour d&rsquo;un <b>caf\u00e9<\/b> !<\/i><strong><br><\/strong><\/p>\n\n\n\n<p>&nbsp;<\/p>\n\n\n\n<p>&nbsp;<\/p>\n\n\n\n<p>&nbsp;<\/p>\n\n\n\n<p>&nbsp;<\/p>\n\n\n\n<p>&nbsp;<\/p>\n","protected":false},"excerpt":{"rendered":"<p>Venez d\u00e9couvrir le \u00ab\u00a0RELAIS DU MONDE\u00a0\u00bb Tous les vendredis de 14h \u00e0 16h30 &#8211; 2 rue de l&rsquo;\u00e9glise &#8211; QUETIGNY &#8211; 03.80.46.28.07 Un lieu d&rsquo;\u00e9change, de partage et de discussion&#8230;<\/p>\n","protected":false},"author":1,"featured_media":0,"parent":0,"menu_order":0,"comment_status":"closed","ping_status":"closed","template":"","meta":{"footnotes":""},"class_list":["post-259","page","type-page","status-publish","hentry"],"_links":{"self":[{"href":"https:\/\/eglise-visitation-dijon.net\/w3\/wp-json\/wp\/v2\/pages\/259","targetHints":{"allow":["GET"]}}],"collection":[{"href":"https:\/\/eglise-visitation-dijon.net\/w3\/wp-json\/wp\/v2\/pages"}],"about":[{"href":"https:\/\/eglise-visitation-dijon.net\/w3\/wp-json\/wp\/v2\/types\/page"}],"author":[{"embeddable":true,"href":"https:\/\/eglise-visitation-dijon.net\/w3\/wp-json\/wp\/v2\/users\/1"}],"replies":[{"embeddable":true,"href":"https:\/\/eglise-visitation-dijon.net\/w3\/wp-json\/wp\/v2\/comments?post=259"}],"version-history":[{"count":2,"href":"https:\/\/eglise-visitation-dijon.net\/w3\/wp-json\/wp\/v2\/pages\/259\/revisions"}],"predecessor-version":[{"id":13825,"href":"https:\/\/eglise-visitation-dijon.net\/w3\/wp-json\/wp\/v2\/pages\/259\/revisions\/13825"}],"wp:attachment":[{"href":"https:\/\/eglise-visitation-dijon.net\/w3\/wp-json\/wp\/v2\/media?parent=259"}],"curies":[{"name":"wp","href":"https:\/\/api.w.org\/{rel}","templated":true}]}}