{"id":269,"date":"2019-02-11T14:58:19","date_gmt":"2019-02-11T14:58:19","guid":{"rendered":"http:\/\/127.0.0.1:10080\/wordpress\/?page_id=269"},"modified":"2026-02-07T16:35:07","modified_gmt":"2026-02-07T15:35:07","slug":"nous-contacter","status":"publish","type":"page","link":"https:\/\/eglise-visitation-dijon.net\/w3\/nous-contacter\/","title":{"rendered":"Contacts"},"content":{"rendered":"\n<h3 class=\"wp-block-heading\"><span style=\"color: #993300;\">Paroisse de La Visitation, Avenue de La Visitation, 21800 Chevigny-Saint-Sauveur<\/span><\/h3>\n\n\n\n<figure class=\"wp-block-image size-full is-resized\"><img loading=\"lazy\" decoding=\"async\" width=\"229\" height=\"300\" src=\"https:\/\/eglise-visitation-dijon.net\/w3\/wp-content\/uploads\/2025\/10\/richon-jerome.jpg\" alt=\"\" class=\"wp-image-14158\" style=\"width:165px;height:auto\" srcset=\"https:\/\/eglise-visitation-dijon.net\/w3\/wp-content\/uploads\/2025\/10\/richon-jerome.jpg 229w, https:\/\/eglise-visitation-dijon.net\/w3\/wp-content\/uploads\/2025\/10\/richon-jerome-115x150.jpg 115w, https:\/\/eglise-visitation-dijon.net\/w3\/wp-content\/uploads\/2025\/10\/richon-jerome-46x60.jpg 46w\" sizes=\"auto, (max-width: 229px) 100vw, 229px\" \/><\/figure>\n\n\n\n<p>P\u00e8re&nbsp;<span style=\"color: #000000;\"><strong>J\u00e9r\u00f4me RICHON<\/strong><\/span>, Cur\u00e9 des paroisses depuis le 1er septembre 2024. Contact : 03 80 48 95 62<\/p>\n\n\n\n<ul class=\"wp-block-list\">\n<li><span style=\"color: #000000;\"><strong>Secr\u00e9tariat<\/strong><\/span> : 03 80 30 65 24&nbsp; (r\u00e9pondeur en dehors des <a href=\"https:\/\/eglise-visitation-dijon.net\/w3\/permanences\/\">permanences<\/a>)<\/li>\n\n\n\n<li>Courriel : <a href=\"mailto:secretariat@eglise-visitation-dijon.net\">secretariat@eglise-visitation-dijon.net <\/a><\/li>\n\n\n\n<li><strong><span style=\"color: #000000;\">Permanence t\u00e9l\u00e9phonique obs\u00e8ques<\/span><\/strong> : 06 43 09 83 32 (<a href=\"https:\/\/eglise-visitation-dijon.net\/w3\/obseques\/\">accompagnement des familles en deuil<\/a>)<\/li>\n\n\n\n<li>Pour contacter le Diacre appelez le secr\u00e9tariat<\/li>\n<\/ul>\n\n\n\n<hr class=\"wp-block-separator has-alpha-channel-opacity\"\/>\n\n\n\n<h2 class=\"wp-block-heading\">Plan d&rsquo;acc\u00e8s<\/h2>\n\n\n\n<iframe src=\"https:\/\/www.google.com\/maps\/embed?pb=!1m18!1m12!1m3!1d5411.018932678224!2d5.116371976248272!3d47.30438487116364!2m3!1f0!2f0!3f0!3m2!1i1024!2i768!4f13.1!3m3!1m2!1s0x47f29fbd31304c5f%3A0x64133f858c08d698!2sEglise%20de%20la%20visitation!5e0!3m2!1sfr!2sfr!4v1751294532091!5m2!1sfr!2sfr\" width=\"600\" height=\"450\" style=\"border:0;\" allowfullscreen=\"\" loading=\"lazy\" referrerpolicy=\"no-referrer-when-downgrade\"><\/iframe>\n\n\n<script>(function() {\n\twindow.mc4wp = window.mc4wp || {\n\t\tlisteners: [],\n\t\tforms: {\n\t\t\ton: function(evt, cb) {\n\t\t\t\twindow.mc4wp.listeners.push(\n\t\t\t\t\t{\n\t\t\t\t\t\tevent   : evt,\n\t\t\t\t\t\tcallback: cb\n\t\t\t\t\t}\n\t\t\t\t);\n\t\t\t}\n\t\t}\n\t}\n})();\n<\/script><!-- Mailchimp for WordPress v4.12.1 - https:\/\/wordpress.org\/plugins\/mailchimp-for-wp\/ --><form id=\"mc4wp-form-1\" class=\"mc4wp-form mc4wp-form-14318\" method=\"post\" data-id=\"14318\" data-name=\"Abonnez-vous \u00e0 &quot;La Lettre d&#039;information&quot;\" ><div class=\"mc4wp-form-fields\"><h5>La Lettre d&rsquo;information<\/h5>\r\n\r\n<p>\r\n\t\t<input type=\"email\" id=\"email\" name=\"EMAIL\" placeholder=\"Votre adresse e-mail\" required>\r\n<\/p>\r\n\r\n<p>\r\n\t<input type=\"submit\" value=\"S'abonner\">\r\n<\/p><\/div><label style=\"display: none !important;\">Laissez ce champ vide si vous \u00eates humain\u00a0: <input type=\"text\" name=\"_mc4wp_honeypot\" value=\"\" tabindex=\"-1\" autocomplete=\"off\" \/><\/label><input type=\"hidden\" name=\"_mc4wp_timestamp\" value=\"1776537704\" \/><input type=\"hidden\" name=\"_mc4wp_form_id\" value=\"14318\" \/><input type=\"hidden\" name=\"_mc4wp_form_element_id\" value=\"mc4wp-form-1\" \/><div class=\"mc4wp-response\"><\/div><\/form><!-- \/ Mailchimp for WordPress Plugin -->","protected":false},"excerpt":{"rendered":"<p>Pr\u00eatres &#8211; Services &#8211; Groupes &#8211; Mouvements pr\u00e9sents sur la paroisse<\/p>\n","protected":false},"author":1,"featured_media":0,"parent":0,"menu_order":0,"comment_status":"closed","ping_status":"closed","template":"","meta":{"footnotes":""},"class_list":["post-269","page","type-page","status-publish","hentry"],"_links":{"self":[{"href":"https:\/\/eglise-visitation-dijon.net\/w3\/wp-json\/wp\/v2\/pages\/269","targetHints":{"allow":["GET"]}}],"collection":[{"href":"https:\/\/eglise-visitation-dijon.net\/w3\/wp-json\/wp\/v2\/pages"}],"about":[{"href":"https:\/\/eglise-visitation-dijon.net\/w3\/wp-json\/wp\/v2\/types\/page"}],"author":[{"embeddable":true,"href":"https:\/\/eglise-visitation-dijon.net\/w3\/wp-json\/wp\/v2\/users\/1"}],"replies":[{"embeddable":true,"href":"https:\/\/eglise-visitation-dijon.net\/w3\/wp-json\/wp\/v2\/comments?post=269"}],"version-history":[{"count":37,"href":"https:\/\/eglise-visitation-dijon.net\/w3\/wp-json\/wp\/v2\/pages\/269\/revisions"}],"predecessor-version":[{"id":14618,"href":"https:\/\/eglise-visitation-dijon.net\/w3\/wp-json\/wp\/v2\/pages\/269\/revisions\/14618"}],"wp:attachment":[{"href":"https:\/\/eglise-visitation-dijon.net\/w3\/wp-json\/wp\/v2\/media?parent=269"}],"curies":[{"name":"wp","href":"https:\/\/api.w.org\/{rel}","templated":true}]}}