{"id":282,"date":"2019-02-11T15:02:14","date_gmt":"2019-02-11T14:02:14","guid":{"rendered":"http:\/\/127.0.0.1:10080\/wordpress\/?page_id=282"},"modified":"2025-10-20T10:02:06","modified_gmt":"2025-10-20T08:02:06","slug":"groupes-de-priere","status":"publish","type":"page","link":"https:\/\/eglise-visitation-dijon.net\/w3\/groupes-de-priere\/","title":{"rendered":"Groupes de pri\u00e8re"},"content":{"rendered":"\n<h2 class=\"wp-block-heading\">Assembl\u00e9es de pri\u00e8re \u00e0 l\u2019oratoire de la Visitation<\/h2>\n\n\n\n<h5 class=\"wp-block-heading\"><b>Fraternit\u00e9 Pentec\u00f4te<\/b><\/h5>\n\n\n\n<blockquote class=\"wp-block-quote is-layout-flow wp-block-quote-is-layout-flow\">\n<p>Assembl\u00e9e de louange ouverte \u00e0 tous chaque <strong>mardi<\/strong> \u00e0 20h30.<\/p>\n<\/blockquote>\n\n\n\n<h5 class=\"wp-block-heading\"><strong>Chapelet<\/strong><\/h5>\n\n\n\n<blockquote class=\"wp-block-quote is-layout-flow wp-block-quote-is-layout-flow\">\n<p>Le <strong>lundi<\/strong> \u00e0 17h00<strong><br><\/strong><\/p>\n\n\n\n<p>Le <strong>mercredi<\/strong> \u00e0 10h30<\/p>\n<\/blockquote>\n\n\n\n<h5 class=\"wp-block-heading\"><strong>Temps d&rsquo;adoration<br><\/strong><\/h5>\n\n\n\n<blockquote class=\"wp-block-quote is-layout-flow wp-block-quote-is-layout-flow\">\n<p>Le <strong>premier vendredi de chaque mois<\/strong> \u00e0 9h30<\/p>\n\n\n\n<p>Le <strong>premier jeudi de chaque mois<\/strong> \u00e0 l&rsquo;oratoire \u00e0 20h30<\/p>\n<\/blockquote>\n\n\n\n<p><em>A retrouver dans l\u2019\u00c9c<a href=\"https:\/\/eglise-visitation-dijon.net\/w3\/category\/echos\/\">ho &#8211; Feuille d&rsquo;information paroissiale<\/a> <\/em><\/p>\n","protected":false},"excerpt":{"rendered":"<p>Assembl\u00e9es de pri\u00e8re \u00e0 l\u2019oratoire de la Visitation Fraternit\u00e9 Pentec\u00f4te Assembl\u00e9e de louange ouverte \u00e0 tous chaque mardi \u00e0 20h30. Chapelet Le lundi \u00e0 17h00 Le mercredi \u00e0 10h30 Temps&#8230;<\/p>\n","protected":false},"author":1,"featured_media":0,"parent":0,"menu_order":0,"comment_status":"closed","ping_status":"closed","template":"","meta":{"footnotes":""},"class_list":["post-282","page","type-page","status-publish","hentry"],"_links":{"self":[{"href":"https:\/\/eglise-visitation-dijon.net\/w3\/wp-json\/wp\/v2\/pages\/282","targetHints":{"allow":["GET"]}}],"collection":[{"href":"https:\/\/eglise-visitation-dijon.net\/w3\/wp-json\/wp\/v2\/pages"}],"about":[{"href":"https:\/\/eglise-visitation-dijon.net\/w3\/wp-json\/wp\/v2\/types\/page"}],"author":[{"embeddable":true,"href":"https:\/\/eglise-visitation-dijon.net\/w3\/wp-json\/wp\/v2\/users\/1"}],"replies":[{"embeddable":true,"href":"https:\/\/eglise-visitation-dijon.net\/w3\/wp-json\/wp\/v2\/comments?post=282"}],"version-history":[{"count":12,"href":"https:\/\/eglise-visitation-dijon.net\/w3\/wp-json\/wp\/v2\/pages\/282\/revisions"}],"predecessor-version":[{"id":14277,"href":"https:\/\/eglise-visitation-dijon.net\/w3\/wp-json\/wp\/v2\/pages\/282\/revisions\/14277"}],"wp:attachment":[{"href":"https:\/\/eglise-visitation-dijon.net\/w3\/wp-json\/wp\/v2\/media?parent=282"}],"curies":[{"name":"wp","href":"https:\/\/api.w.org\/{rel}","templated":true}]}}