{"id":43,"date":"2019-02-10T09:17:43","date_gmt":"2019-02-10T09:17:43","guid":{"rendered":"http:\/\/127.0.0.1:10080\/wordpress\/?page_id=43"},"modified":"2026-02-18T14:28:06","modified_gmt":"2026-02-18T13:28:06","slug":"catechisme-formation","status":"publish","type":"page","link":"https:\/\/eglise-visitation-dijon.net\/w3\/catechisme-formation\/","title":{"rendered":"Vie Chr\u00e9tienne"},"content":{"rendered":"\n<div style=\"height:32px\" aria-hidden=\"true\" class=\"wp-block-spacer\"><\/div>\n\n\n\n<h4 class=\"wp-block-heading\"><a href=\"https:\/\/eglise-visitation-dijon.net\/w3\/eveil-a-la-foi-maternelle-ce1\/\">\u00c9veil \u00e0 la foi (Maternelle \u2013 CE1)<\/a><\/h4>\n\n\n\n<h4 class=\"wp-block-heading\"><a href=\"https:\/\/eglise-visitation-dijon.net\/w3\/cate-primaire-a-partir-du-ce2\/\">Cat\u00e9chisme primaire (\u00e0 partir du CE2)<\/a><\/h4>\n\n\n\n<h4 class=\"wp-block-heading\"><a href=\"https:\/\/eglise-visitation-dijon.net\/w3\/aumonerie-college-lycee\/\">Aum\u00f4nerie (Coll\u00e8ge \u2013 Lyc\u00e9e)<\/a><\/h4>\n\n\n\n<h4 class=\"wp-block-heading\"><a href=\"https:\/\/eglise-visitation-dijon.net\/w3\/devenir-chretien-adultes\/\">Devenir Chr\u00e9tien (Adultes)<\/a><\/h4>\n\n\n\n<h4 class=\"wp-block-heading\"><a href=\"https:\/\/eglise-visitation-dijon.net\/w3\/partage-du-dimanche-adultes\/\">Partage du dimanche<\/a><\/h4>\n\n\n\n<h4 class=\"wp-block-heading\"><a href=\"https:\/\/aineo.fr\/\" target=\"_blank\" rel=\"noreferrer noopener\">Groupe de louange<\/a><\/h4>\n\n\n\n<p><\/p>\n","protected":false},"excerpt":{"rendered":"<p>\u00c9veil \u00e0 la foi (Maternelle \u2013 CE1) Cat\u00e9chisme primaire (\u00e0 partir du CE2) Aum\u00f4nerie (Coll\u00e8ge \u2013 Lyc\u00e9e) Devenir Chr\u00e9tien (Adultes) Partage du dimanche Groupe de louange<\/p>\n","protected":false},"author":1,"featured_media":0,"parent":0,"menu_order":0,"comment_status":"closed","ping_status":"closed","template":"","meta":{"footnotes":""},"class_list":["post-43","page","type-page","status-publish","hentry"],"_links":{"self":[{"href":"https:\/\/eglise-visitation-dijon.net\/w3\/wp-json\/wp\/v2\/pages\/43","targetHints":{"allow":["GET"]}}],"collection":[{"href":"https:\/\/eglise-visitation-dijon.net\/w3\/wp-json\/wp\/v2\/pages"}],"about":[{"href":"https:\/\/eglise-visitation-dijon.net\/w3\/wp-json\/wp\/v2\/types\/page"}],"author":[{"embeddable":true,"href":"https:\/\/eglise-visitation-dijon.net\/w3\/wp-json\/wp\/v2\/users\/1"}],"replies":[{"embeddable":true,"href":"https:\/\/eglise-visitation-dijon.net\/w3\/wp-json\/wp\/v2\/comments?post=43"}],"version-history":[{"count":5,"href":"https:\/\/eglise-visitation-dijon.net\/w3\/wp-json\/wp\/v2\/pages\/43\/revisions"}],"predecessor-version":[{"id":14670,"href":"https:\/\/eglise-visitation-dijon.net\/w3\/wp-json\/wp\/v2\/pages\/43\/revisions\/14670"}],"wp:attachment":[{"href":"https:\/\/eglise-visitation-dijon.net\/w3\/wp-json\/wp\/v2\/media?parent=43"}],"curies":[{"name":"wp","href":"https:\/\/api.w.org\/{rel}","templated":true}]}}