{"id":46,"date":"2019-02-10T11:19:27","date_gmt":"2019-02-10T11:19:27","guid":{"rendered":"http:\/\/127.0.0.1:10080\/wordpress\/?page_id=46"},"modified":"2019-03-18T11:53:13","modified_gmt":"2019-03-18T10:53:13","slug":"celebrations-sacrements","status":"publish","type":"page","link":"https:\/\/eglise-visitation-dijon.net\/w3\/celebrations-sacrements\/","title":{"rendered":"C\u00c9L\u00c9BRATIONS &#038; SACREMENTS"},"content":{"rendered":"\n<div style=\"height:35px\" aria-hidden=\"true\" class=\"wp-block-spacer\"><\/div>\n\n\n<p><\/p>\n\n\n<h4 class=\"wp-block-heading\"><a href=\"https:\/\/eglise-visitation-dijon.net\/w3\/bapteme\/\">Bapt\u00eame<\/a><\/h4>\n\n\n<h4><a href=\"https:\/\/eglise-visitation-dijon.net\/w3\/confirmation\/\">Confirmation<\/a><\/h4>\n\n\n<h4 class=\"wp-block-heading\"><a href=\"https:\/\/eglise-visitation-dijon.net\/w3\/mariage\/\">Mariage<\/a><\/h4>\n\n\n\n<h4 class=\"wp-block-heading\"><a href=\"https:\/\/eglise-visitation-dijon.net\/w3\/obseques\/\">Obs\u00e8ques<\/a><\/h4>\n\n\n\n<h4 class=\"wp-block-heading\"><a href=\"https:\/\/eglise-visitation-dijon.net\/w3\/groupes-de-priere\/\">Groupes de pri\u00e8re<\/a><\/h4>\n","protected":false},"excerpt":{"rendered":"<p>Bapt\u00eame Confirmation Mariage Obs\u00e8ques Groupes de pri\u00e8re<\/p>\n","protected":false},"author":1,"featured_media":0,"parent":0,"menu_order":0,"comment_status":"closed","ping_status":"closed","template":"","meta":{"footnotes":""},"class_list":["post-46","page","type-page","status-publish","hentry"],"_links":{"self":[{"href":"https:\/\/eglise-visitation-dijon.net\/w3\/wp-json\/wp\/v2\/pages\/46","targetHints":{"allow":["GET"]}}],"collection":[{"href":"https:\/\/eglise-visitation-dijon.net\/w3\/wp-json\/wp\/v2\/pages"}],"about":[{"href":"https:\/\/eglise-visitation-dijon.net\/w3\/wp-json\/wp\/v2\/types\/page"}],"author":[{"embeddable":true,"href":"https:\/\/eglise-visitation-dijon.net\/w3\/wp-json\/wp\/v2\/users\/1"}],"replies":[{"embeddable":true,"href":"https:\/\/eglise-visitation-dijon.net\/w3\/wp-json\/wp\/v2\/comments?post=46"}],"version-history":[{"count":5,"href":"https:\/\/eglise-visitation-dijon.net\/w3\/wp-json\/wp\/v2\/pages\/46\/revisions"}],"predecessor-version":[{"id":2650,"href":"https:\/\/eglise-visitation-dijon.net\/w3\/wp-json\/wp\/v2\/pages\/46\/revisions\/2650"}],"wp:attachment":[{"href":"https:\/\/eglise-visitation-dijon.net\/w3\/wp-json\/wp\/v2\/media?parent=46"}],"curies":[{"name":"wp","href":"https:\/\/api.w.org\/{rel}","templated":true}]}}